{"id":5023,"date":"2019-03-21T23:36:12","date_gmt":"2019-03-21T23:36:12","guid":{"rendered":"https:\/\/chispaaz.org\/temas\/aire-limpio-y-energia\/"},"modified":"2024-08-02T04:18:33","modified_gmt":"2024-08-02T04:18:33","slug":"aire-limpio-y-energia","status":"publish","type":"page","link":"https:\/\/chispaaz.org\/es\/temas\/aire-limpio-y-energia\/","title":{"rendered":"Aire y Energ\u00eda Limpios"},"content":{"rendered":"\t\t<div data-elementor-type=\"wp-page\" data-elementor-id=\"5023\" class=\"elementor elementor-5023 elementor-228\" data-elementor-post-type=\"page\">\n\t\t\t\t<div class=\"elementor-element elementor-element-4fa51a8 e-flex e-con-boxed e-con e-parent\" data-id=\"4fa51a8\" data-element_type=\"container\" data-e-type=\"container\" data-settings=\"{&quot;background_background&quot;:&quot;classic&quot;}\">\n\t\t\t\t\t<div class=\"e-con-inner\">\n\t\t<div class=\"elementor-element elementor-element-40cb627 e-flex e-con-boxed e-con e-child\" data-id=\"40cb627\" data-element_type=\"container\" data-e-type=\"container\">\n\t\t\t\t\t<div class=\"e-con-inner\">\n\t\t\t\t<div class=\"elementor-element elementor-element-5f807aa elementor-widget elementor-widget-heading\" data-id=\"5f807aa\" data-element_type=\"widget\" data-e-type=\"widget\" data-widget_type=\"heading.default\">\n\t\t\t\t<div class=\"elementor-widget-container\">\n\t\t\t\t\t<h1 class=\"elementor-heading-title elementor-size-default\">\u00a1NUESTRAS COMUNIDADES MERECEN AIRE LIMPIO!<\/h1>\t\t\t\t<\/div>\n\t\t\t\t<\/div>\n\t\t<div class=\"elementor-element elementor-element-879f733 e-flex e-con-boxed e-con e-child\" data-id=\"879f733\" data-element_type=\"container\" data-e-type=\"container\">\n\t\t\t\t\t<div class=\"e-con-inner\">\n\t\t\t\t<div class=\"elementor-element elementor-element-20fcc5f elementor-widget elementor-widget-text-editor\" data-id=\"20fcc5f\" data-element_type=\"widget\" data-e-type=\"widget\" data-widget_type=\"text-editor.default\">\n\t\t\t\t<div class=\"elementor-widget-container\">\n\t\t\t\t\t\t\t\t\t<p>Las comunidades latinas y de otros grupos \u00e9tnicos tienen m\u00e1s probabilidades de estar expuestas a contaminantes da\u00f1inos. Tenemos un derecho inherente e inalienable a un aire limpio.<\/p>\n\t\t\t\t\t\t\t\t<\/div>\n\t\t\t\t<\/div>\n\t\t\t\t\t<\/div>\n\t\t\t\t<\/div>\n\t\t\t\t\t<\/div>\n\t\t\t\t<\/div>\n\t\t\t\t<div class=\"elementor-element elementor-element-7c1ce7b elementor-widget elementor-widget-spacer\" data-id=\"7c1ce7b\" data-element_type=\"widget\" data-e-type=\"widget\" data-widget_type=\"spacer.default\">\n\t\t\t\t<div class=\"elementor-widget-container\">\n\t\t\t\t\t\t\t<div class=\"elementor-spacer\">\n\t\t\t<div class=\"elementor-spacer-inner\"><\/div>\n\t\t<\/div>\n\t\t\t\t\t\t<\/div>\n\t\t\t\t<\/div>\n\t\t\t\t\t<\/div>\n\t\t\t\t<\/div>\n\t\t<div class=\"elementor-element elementor-element-8cc330b e-flex e-con-boxed e-con e-parent\" data-id=\"8cc330b\" data-element_type=\"container\" data-e-type=\"container\">\n\t\t\t\t\t<div class=\"e-con-inner\">\n\t\t<div class=\"elementor-element elementor-element-883b9ea e-con-full e-flex e-con e-child\" data-id=\"883b9ea\" data-element_type=\"container\" data-e-type=\"container\">\n\t\t\t\t<div class=\"elementor-element elementor-element-6b3f3cd elementor-widget elementor-widget-heading\" data-id=\"6b3f3cd\" data-element_type=\"widget\" data-e-type=\"widget\" data-widget_type=\"heading.default\">\n\t\t\t\t<div class=\"elementor-widget-container\">\n\t\t\t\t\t<h2 class=\"elementor-heading-title elementor-size-default\">\u00a1EL AIRE LIMPIO ES NUESTRO DERECHO INALIENABLE!<\/h2>\t\t\t\t<\/div>\n\t\t\t\t<\/div>\n\t\t\t\t<\/div>\n\t\t<div class=\"elementor-element elementor-element-97e25ee e-flex e-con-boxed e-con e-child\" data-id=\"97e25ee\" data-element_type=\"container\" data-e-type=\"container\">\n\t\t\t\t\t<div class=\"e-con-inner\">\n\t\t\t\t<div class=\"elementor-element elementor-element-45e5157 elementor-widget elementor-widget-text-editor\" data-id=\"45e5157\" data-element_type=\"widget\" data-e-type=\"widget\" data-widget_type=\"text-editor.default\">\n\t\t\t\t<div class=\"elementor-widget-container\">\n\t\t\t\t\t\t\t\t\t<p>Arizona est\u00e1 en la primera l\u00ednea de la crisis clim\u00e1tica, y Phoenix es la octava ciudad m\u00e1s contaminada del pa\u00eds seg\u00fan el informe State of the Air 2023 de la American Lung Association.<\/p>\n\t\t\t\t\t\t\t\t<\/div>\n\t\t\t\t<\/div>\n\t\t\t\t<div class=\"elementor-element elementor-element-e803a67 elementor-widget elementor-widget-text-editor\" data-id=\"e803a67\" data-element_type=\"widget\" data-e-type=\"widget\" data-widget_type=\"text-editor.default\">\n\t\t\t\t<div class=\"elementor-widget-container\">\n\t\t\t\t\t\t\t\t\t<p>Debido a a\u00f1os de racismo ambiental, las comunidades de color tienen m\u00e1s probabilidades de vivir cerca de autopistas y soportan la mayor carga de la contaminaci\u00f3n del aire, lo que resulta en mayores tasas de asma y otras enfermedades respiratorias.<\/p>\n\t\t\t\t\t\t\t\t<\/div>\n\t\t\t\t<\/div>\n\t\t\t\t<div class=\"elementor-element elementor-element-37a0f7d elementor-widget elementor-widget-text-editor\" data-id=\"37a0f7d\" data-element_type=\"widget\" data-e-type=\"widget\" data-widget_type=\"text-editor.default\">\n\t\t\t\t<div class=\"elementor-widget-container\">\n\t\t\t\t\t\t\t\t\t<p>Adem\u00e1s, las grandes empresas de servicios p\u00fablicos contaminan nuestro aire manteniendo en funcionamiento plantas de energ\u00eda a base de carb\u00f3n sucias y obsoletas, a pesar de que son m\u00e1s costosas que las alternativas de energ\u00eda limpia.<\/p>\n\t\t\t\t\t\t\t\t<\/div>\n\t\t\t\t<\/div>\n\t\t\t\t\t<\/div>\n\t\t\t\t<\/div>\n\t\t\t\t\t<\/div>\n\t\t\t\t<\/div>\n\t\t<div class=\"elementor-element elementor-element-54090c6 e-flex e-con-boxed e-con e-parent\" data-id=\"54090c6\" data-element_type=\"container\" data-e-type=\"container\">\n\t\t\t\t\t<div class=\"e-con-inner\">\n\t\t\t\t<div class=\"elementor-element elementor-element-59d65b7 elementor-widget elementor-widget-image\" data-id=\"59d65b7\" data-element_type=\"widget\" data-e-type=\"widget\" data-widget_type=\"image.default\">\n\t\t\t\t<div class=\"elementor-widget-container\">\n\t\t\t\t\t\t\t\t\t\t\t\t\t\t\t<img fetchpriority=\"high\" decoding=\"async\" width=\"1238\" height=\"460\" src=\"https:\/\/chispaaz.org\/wp-content\/uploads\/2024\/05\/CHISPA_EnvLobbyDay-051-1-3.jpg\" class=\"attachment-full size-full wp-image-3690\" alt=\"\" srcset=\"https:\/\/chispaaz.org\/wp-content\/uploads\/2024\/05\/CHISPA_EnvLobbyDay-051-1-3.jpg 1238w, https:\/\/chispaaz.org\/wp-content\/uploads\/2024\/05\/CHISPA_EnvLobbyDay-051-1-3-300x111.jpg 300w, https:\/\/chispaaz.org\/wp-content\/uploads\/2024\/05\/CHISPA_EnvLobbyDay-051-1-3-1024x380.jpg 1024w, https:\/\/chispaaz.org\/wp-content\/uploads\/2024\/05\/CHISPA_EnvLobbyDay-051-1-3-768x285.jpg 768w\" sizes=\"(max-width: 1238px) 100vw, 1238px\" \/>\t\t\t\t\t\t\t\t\t\t\t\t\t\t\t<\/div>\n\t\t\t\t<\/div>\n\t\t\t\t\t<\/div>\n\t\t\t\t<\/div>\n\t\t<div class=\"elementor-element elementor-element-9deb3dd e-flex e-con-boxed e-con e-parent\" data-id=\"9deb3dd\" data-element_type=\"container\" data-e-type=\"container\" data-settings=\"{&quot;background_background&quot;:&quot;classic&quot;}\">\n\t\t\t\t\t<div class=\"e-con-inner\">\n\t\t<div class=\"elementor-element elementor-element-07b3fd9 e-con-full e-flex e-con e-child\" data-id=\"07b3fd9\" data-element_type=\"container\" data-e-type=\"container\">\n\t\t<div class=\"elementor-element elementor-element-bb095a4 e-flex e-con-boxed e-con e-child\" data-id=\"bb095a4\" data-element_type=\"container\" data-e-type=\"container\">\n\t\t\t\t\t<div class=\"e-con-inner\">\n\t\t\t\t<div class=\"elementor-element elementor-element-d80564c elementor-widget elementor-widget-heading\" data-id=\"d80564c\" data-element_type=\"widget\" data-e-type=\"widget\" data-widget_type=\"heading.default\">\n\t\t\t\t<div class=\"elementor-widget-container\">\n\t\t\t\t\t<h2 class=\"elementor-heading-title elementor-size-default\">NUESTRO LLAMADO <br>A LA ACCI\u00d3N<\/h2>\t\t\t\t<\/div>\n\t\t\t\t<\/div>\n\t\t\t\t\t<\/div>\n\t\t\t\t<\/div>\n\t\t\t\t<\/div>\n\t\t<div class=\"elementor-element elementor-element-eba9671 e-grid e-con-boxed e-con e-child\" data-id=\"eba9671\" data-element_type=\"container\" data-e-type=\"container\">\n\t\t\t\t\t<div class=\"e-con-inner\">\n\t\t<div class=\"elementor-element elementor-element-67140ea e-flex e-con-boxed e-con e-child\" data-id=\"67140ea\" data-element_type=\"container\" data-e-type=\"container\" data-settings=\"{&quot;background_background&quot;:&quot;classic&quot;}\">\n\t\t\t\t\t<div class=\"e-con-inner\">\n\t\t\t\t<div class=\"elementor-element elementor-element-2f07ad4 elementor-widget__width-inherit elementor-absolute elementor-widget elementor-widget-image\" data-id=\"2f07ad4\" data-element_type=\"widget\" data-e-type=\"widget\" data-settings=\"{&quot;_position&quot;:&quot;absolute&quot;}\" data-widget_type=\"image.default\">\n\t\t\t\t<div class=\"elementor-widget-container\">\n\t\t\t\t\t\t\t\t\t\t\t\t\t\t\t<img decoding=\"async\" width=\"331\" height=\"212\" src=\"https:\/\/chispaaz.org\/wp-content\/uploads\/2024\/05\/Heading.svg\" class=\"attachment-full size-full wp-image-3705\" alt=\"\" \/>\t\t\t\t\t\t\t\t\t\t\t\t\t\t\t<\/div>\n\t\t\t\t<\/div>\n\t\t\t\t<div class=\"elementor-element elementor-element-f85e9f6 elementor-widget elementor-widget-text-editor\" data-id=\"f85e9f6\" data-element_type=\"widget\" data-e-type=\"widget\" data-widget_type=\"text-editor.default\">\n\t\t\t\t<div class=\"elementor-widget-container\">\n\t\t\t\t\t\t\t\t\t<p>Pedimos responsabilidad y transparencia en la Comisi\u00f3n de Corporaciones de Arizona (ACC). La ACC es el organismo regulador con mayor impacto en la transici\u00f3n de Arizona hacia la energ\u00eda limpia. Deben aplicar requisitos agresivos en materia de energ\u00edas renovables y limpias a las grandes empresas de servicios p\u00fablicos como APS, SRP y TEP.<\/p>\n\t\t\t\t\t\t\t\t<\/div>\n\t\t\t\t<\/div>\n\t\t\t\t\t<\/div>\n\t\t\t\t<\/div>\n\t\t<div class=\"elementor-element elementor-element-4b33fd3 e-flex e-con-boxed e-con e-child\" data-id=\"4b33fd3\" data-element_type=\"container\" data-e-type=\"container\" data-settings=\"{&quot;background_background&quot;:&quot;classic&quot;}\">\n\t\t\t\t\t<div class=\"e-con-inner\">\n\t\t\t\t<div class=\"elementor-element elementor-element-1dae475 elementor-widget__width-inherit elementor-absolute elementor-widget elementor-widget-image\" data-id=\"1dae475\" data-element_type=\"widget\" data-e-type=\"widget\" data-settings=\"{&quot;_position&quot;:&quot;absolute&quot;}\" data-widget_type=\"image.default\">\n\t\t\t\t<div class=\"elementor-widget-container\">\n\t\t\t\t\t\t\t\t\t\t\t\t\t\t\t<img decoding=\"async\" width=\"371\" height=\"212\" src=\"https:\/\/chispaaz.org\/wp-content\/uploads\/2024\/05\/Heading-1.svg\" class=\"attachment-full size-full wp-image-3718\" alt=\"\" \/>\t\t\t\t\t\t\t\t\t\t\t\t\t\t\t<\/div>\n\t\t\t\t<\/div>\n\t\t\t\t<div class=\"elementor-element elementor-element-3d278ad elementor-widget elementor-widget-text-editor\" data-id=\"3d278ad\" data-element_type=\"widget\" data-e-type=\"widget\" data-widget_type=\"text-editor.default\">\n\t\t\t\t<div class=\"elementor-widget-container\">\n\t\t\t\t\t\t\t\t\t<p>Pedimos inversiones en transporte p\u00fablico gratuito y el\u00e9ctrico. Si invertimos en transporte p\u00fablico gratuito y el\u00e9ctrico y en infraestructuras, podremos mejorar la calidad del aire al haber menos emisiones de veh\u00edculos en nuestras carreteras.<\/p>\n\t\t\t\t\t\t\t\t<\/div>\n\t\t\t\t<\/div>\n\t\t\t\t\t<\/div>\n\t\t\t\t<\/div>\n\t\t<div class=\"elementor-element elementor-element-eae3fb9 e-flex e-con-boxed e-con e-child\" data-id=\"eae3fb9\" data-element_type=\"container\" data-e-type=\"container\" data-settings=\"{&quot;background_background&quot;:&quot;classic&quot;}\">\n\t\t\t\t\t<div class=\"e-con-inner\">\n\t\t\t\t<div class=\"elementor-element elementor-element-96b83e8 elementor-widget__width-inherit elementor-absolute elementor-widget elementor-widget-image\" data-id=\"96b83e8\" data-element_type=\"widget\" data-e-type=\"widget\" data-settings=\"{&quot;_position&quot;:&quot;absolute&quot;}\" data-widget_type=\"image.default\">\n\t\t\t\t<div class=\"elementor-widget-container\">\n\t\t\t\t\t\t\t\t\t\t\t\t\t\t\t<img loading=\"lazy\" decoding=\"async\" width=\"367\" height=\"212\" src=\"https:\/\/chispaaz.org\/wp-content\/uploads\/2024\/05\/Heading-2.svg\" class=\"attachment-full size-full wp-image-3720\" alt=\"\" \/>\t\t\t\t\t\t\t\t\t\t\t\t\t\t\t<\/div>\n\t\t\t\t<\/div>\n\t\t\t\t<div class=\"elementor-element elementor-element-f28d391 elementor-widget elementor-widget-text-editor\" data-id=\"f28d391\" data-element_type=\"widget\" data-e-type=\"widget\" data-widget_type=\"text-editor.default\">\n\t\t\t\t<div class=\"elementor-widget-container\">\n\t\t\t\t\t\t\t\t\t<p>Pedimos inversiones significativas y justas en energ\u00eda limpia en nuestras comunidades. El Plan de Energ\u00eda Limpia Asequible debe dar prioridad a la reducci\u00f3n de la contaminaci\u00f3n por carbono, el ahorro en las facturas energ\u00e9ticas, los empleos de calidad y la justicia medioambiental para las comunidades m\u00e1s afectadas por la crisis clim\u00e1tica. Debemos asegurarnos de que nuestra transici\u00f3n hacia las energ\u00edas limpias y renovables no se produzca a expensas de nuestras tierras p\u00fablicas y comunidades ind\u00edgenas.<\/p>\n\t\t\t\t\t\t\t\t<\/div>\n\t\t\t\t<\/div>\n\t\t\t\t\t<\/div>\n\t\t\t\t<\/div>\n\t\t<div class=\"elementor-element elementor-element-09cddad e-flex e-con-boxed e-con e-child\" data-id=\"09cddad\" data-element_type=\"container\" data-e-type=\"container\" data-settings=\"{&quot;background_background&quot;:&quot;classic&quot;}\">\n\t\t\t\t\t<div class=\"e-con-inner\">\n\t\t<div class=\"elementor-element elementor-element-586b914 e-flex e-con-boxed e-con e-child\" data-id=\"586b914\" data-element_type=\"container\" data-e-type=\"container\">\n\t\t\t\t\t<div class=\"e-con-inner\">\n\t\t\t\t<div class=\"elementor-element elementor-element-d841a71 elementor-align-justify icon-bottom-button elementor-widget elementor-widget-button\" data-id=\"d841a71\" data-element_type=\"widget\" data-e-type=\"widget\" data-widget_type=\"button.default\">\n\t\t\t\t<div class=\"elementor-widget-container\">\n\t\t\t\t\t\t\t\t\t<div class=\"elementor-button-wrapper\">\n\t\t\t\t\t<a class=\"elementor-button elementor-button-link elementor-size-sm\" href=\"https:\/\/chispaaz.org\/es\/membresia\/\">\n\t\t\t\t\t\t<span class=\"elementor-button-content-wrapper\">\n\t\t\t\t\t\t<span class=\"elementor-button-icon\">\n\t\t\t\t<svg xmlns=\"http:\/\/www.w3.org\/2000\/svg\" width=\"125\" height=\"125\" viewBox=\"0 0 125 125\" fill=\"none\"><path d=\"M93.5 62.7016L26.3333 62.7016M93.5 62.7016L72.8333 83.3682M93.5 62.7016L72.8333 42.0349\" stroke=\"#0A2542\" stroke-width=\"5.73283\" stroke-linecap=\"round\" stroke-linejoin=\"round\"><\/path><\/svg>\t\t\t<\/span>\n\t\t\t\t\t\t\t\t\t<span class=\"elementor-button-text\">\u00daNETE A NUESTRO COMIT\u00c9 DE AIRE Y ENERG\u00cdA LIMPIOS<\/span>\n\t\t\t\t\t<\/span>\n\t\t\t\t\t<\/a>\n\t\t\t\t<\/div>\n\t\t\t\t\t\t\t\t<\/div>\n\t\t\t\t<\/div>\n\t\t\t\t\t<\/div>\n\t\t\t\t<\/div>\n\t\t\t\t\t<\/div>\n\t\t\t\t<\/div>\n\t\t\t\t\t<\/div>\n\t\t\t\t<\/div>\n\t\t\t\t\t<\/div>\n\t\t\t\t<\/div>\n\t\t<div class=\"elementor-element elementor-element-a044e25 e-flex e-con-boxed e-con e-parent\" data-id=\"a044e25\" data-element_type=\"container\" data-e-type=\"container\" data-settings=\"{&quot;background_background&quot;:&quot;classic&quot;}\">\n\t\t\t\t\t<div class=\"e-con-inner\">\n\t\t<div class=\"elementor-element elementor-element-38c42a9 e-flex e-con-boxed e-con e-child\" data-id=\"38c42a9\" data-element_type=\"container\" data-e-type=\"container\">\n\t\t\t\t\t<div class=\"e-con-inner\">\n\t\t\t\t<div class=\"elementor-element elementor-element-9427172 elementor-widget elementor-widget-image\" data-id=\"9427172\" data-element_type=\"widget\" data-e-type=\"widget\" data-widget_type=\"image.default\">\n\t\t\t\t<div class=\"elementor-widget-container\">\n\t\t\t\t\t\t\t\t\t\t\t\t\t\t\t<img loading=\"lazy\" decoding=\"async\" width=\"585\" height=\"414\" src=\"https:\/\/chispaaz.org\/wp-content\/uploads\/2024\/05\/667A1384.jpg\" class=\"attachment-full size-full wp-image-3782\" alt=\"\" srcset=\"https:\/\/chispaaz.org\/wp-content\/uploads\/2024\/05\/667A1384.jpg 585w, https:\/\/chispaaz.org\/wp-content\/uploads\/2024\/05\/667A1384-300x212.jpg 300w\" sizes=\"(max-width: 585px) 100vw, 585px\" \/>\t\t\t\t\t\t\t\t\t\t\t\t\t\t\t<\/div>\n\t\t\t\t<\/div>\n\t\t\t\t\t<\/div>\n\t\t\t\t<\/div>\n\t\t<div class=\"elementor-element elementor-element-bf16ca1 e-flex e-con-boxed e-con e-child\" data-id=\"bf16ca1\" data-element_type=\"container\" data-e-type=\"container\">\n\t\t\t\t\t<div class=\"e-con-inner\">\n\t\t\t\t<div class=\"elementor-element elementor-element-42fcd7e elementor-widget elementor-widget-image\" data-id=\"42fcd7e\" data-element_type=\"widget\" data-e-type=\"widget\" data-widget_type=\"image.default\">\n\t\t\t\t<div class=\"elementor-widget-container\">\n\t\t\t\t\t\t\t\t\t\t\t\t\t\t\t<img loading=\"lazy\" decoding=\"async\" width=\"601\" height=\"523\" src=\"https:\/\/chispaaz.org\/wp-content\/uploads\/2024\/05\/CHISPA_AzLeg-2-Photo-by-Steven-Luna-1.jpg\" class=\"attachment-full size-full wp-image-3777\" alt=\"\" srcset=\"https:\/\/chispaaz.org\/wp-content\/uploads\/2024\/05\/CHISPA_AzLeg-2-Photo-by-Steven-Luna-1.jpg 601w, https:\/\/chispaaz.org\/wp-content\/uploads\/2024\/05\/CHISPA_AzLeg-2-Photo-by-Steven-Luna-1-300x261.jpg 300w\" sizes=\"(max-width: 601px) 100vw, 601px\" \/>\t\t\t\t\t\t\t\t\t\t\t\t\t\t\t<\/div>\n\t\t\t\t<\/div>\n\t\t\t\t\t<\/div>\n\t\t\t\t<\/div>\n\t\t\t\t\t<\/div>\n\t\t\t\t<\/div>\n\t\t\t\t<\/div>\n\t\t","protected":false},"excerpt":{"rendered":"<p>\u00a1NUESTRAS COMUNIDADES MERECEN AIRE LIMPIO! Las comunidades latinas y de otros grupos \u00e9tnicos tienen m\u00e1s probabilidades de estar expuestas a contaminantes da\u00f1inos. Tenemos un derecho inherente e inalienable a un aire limpio. \u00a1EL AIRE LIMPIO ES NUESTRO DERECHO INALIENABLE! Arizona est\u00e1 en la primera l\u00ednea de la crisis clim\u00e1tica, y Phoenix es la octava ciudad [&hellip;]<\/p>\n","protected":false},"author":13,"featured_media":0,"parent":4911,"menu_order":0,"comment_status":"closed","ping_status":"closed","template":"elementor_header_footer","meta":{"_acf_changed":false,"_monsterinsights_skip_tracking":false,"_monsterinsights_sitenote_active":false,"_monsterinsights_sitenote_note":"","_monsterinsights_sitenote_category":0,"footnotes":""},"class_list":["post-5023","page","type-page","status-publish","hentry"],"acf":[],"_links":{"self":[{"href":"https:\/\/chispaaz.org\/es\/wp-json\/wp\/v2\/pages\/5023","targetHints":{"allow":["GET"]}}],"collection":[{"href":"https:\/\/chispaaz.org\/es\/wp-json\/wp\/v2\/pages"}],"about":[{"href":"https:\/\/chispaaz.org\/es\/wp-json\/wp\/v2\/types\/page"}],"author":[{"embeddable":true,"href":"https:\/\/chispaaz.org\/es\/wp-json\/wp\/v2\/users\/13"}],"replies":[{"embeddable":true,"href":"https:\/\/chispaaz.org\/es\/wp-json\/wp\/v2\/comments?post=5023"}],"version-history":[{"count":2,"href":"https:\/\/chispaaz.org\/es\/wp-json\/wp\/v2\/pages\/5023\/revisions"}],"predecessor-version":[{"id":5777,"href":"https:\/\/chispaaz.org\/es\/wp-json\/wp\/v2\/pages\/5023\/revisions\/5777"}],"up":[{"embeddable":true,"href":"https:\/\/chispaaz.org\/es\/wp-json\/wp\/v2\/pages\/4911"}],"wp:attachment":[{"href":"https:\/\/chispaaz.org\/es\/wp-json\/wp\/v2\/media?parent=5023"}],"curies":[{"name":"wp","href":"https:\/\/api.w.org\/{rel}","templated":true}]}}