{"id":5009,"date":"2024-05-14T19:51:33","date_gmt":"2024-05-14T19:51:33","guid":{"rendered":"https:\/\/chispaaz.org\/campana\/tierras-publicas\/"},"modified":"2024-05-28T11:06:06","modified_gmt":"2024-05-28T11:06:06","slug":"tierras-publicas","status":"publish","type":"page","link":"https:\/\/chispaaz.org\/es\/campana\/tierras-publicas\/","title":{"rendered":"TIERRAS P\u00daBLICAS"},"content":{"rendered":"\t\t<div data-elementor-type=\"wp-page\" data-elementor-id=\"5009\" class=\"elementor elementor-5009\" data-elementor-post-type=\"page\">\n\t\t\t\t<div class=\"elementor-element elementor-element-25d85cf4 e-flex e-con-boxed e-con e-parent\" data-id=\"25d85cf4\" data-element_type=\"container\" data-e-type=\"container\" data-settings=\"{&quot;background_background&quot;:&quot;classic&quot;}\">\n\t\t\t\t\t<div class=\"e-con-inner\">\n\t\t<div class=\"elementor-element elementor-element-fddf893 e-flex e-con-boxed e-con e-child\" data-id=\"fddf893\" data-element_type=\"container\" data-e-type=\"container\">\n\t\t\t\t\t<div class=\"e-con-inner\">\n\t\t\t\t<div class=\"elementor-element elementor-element-42e7c7f3 elementor-widget elementor-widget-heading\" data-id=\"42e7c7f3\" data-element_type=\"widget\" data-e-type=\"widget\" data-widget_type=\"heading.default\">\n\t\t\t\t<div class=\"elementor-widget-container\">\n\t\t\t\t\t<h1 class=\"elementor-heading-title elementor-size-default\">\u00a1LAS TIERRAS P\u00daBLICAS PERTENECEN AL PUEBLO!<\/h1>\t\t\t\t<\/div>\n\t\t\t\t<\/div>\n\t\t\t\t<div class=\"elementor-element elementor-element-c1affe4 elementor-widget elementor-widget-text-editor\" data-id=\"c1affe4\" data-element_type=\"widget\" data-e-type=\"widget\" data-widget_type=\"text-editor.default\">\n\t\t\t\t<div class=\"elementor-widget-container\">\n\t\t\t\t\t\t\t\t\t<p>En Chispa Arizona, trabajamos junto a nuestros parientes ind\u00edgenas para proteger y preservar nuestras tierras p\u00fablicas, y para aumentar el acceso de aquellas comunidades que se han quedado fuera de ellas.<\/p>\n\t\t\t\t\t\t\t\t<\/div>\n\t\t\t\t<\/div>\n\t\t\t\t\t<\/div>\n\t\t\t\t<\/div>\n\t\t\t\t<div class=\"elementor-element elementor-element-6fa52b3a elementor-widget elementor-widget-spacer\" data-id=\"6fa52b3a\" data-element_type=\"widget\" data-e-type=\"widget\" data-widget_type=\"spacer.default\">\n\t\t\t\t<div class=\"elementor-widget-container\">\n\t\t\t\t\t\t\t<div class=\"elementor-spacer\">\n\t\t\t<div class=\"elementor-spacer-inner\"><\/div>\n\t\t<\/div>\n\t\t\t\t\t\t<\/div>\n\t\t\t\t<\/div>\n\t\t\t\t\t<\/div>\n\t\t\t\t<\/div>\n\t\t<div class=\"elementor-element elementor-element-cdcd9c0 e-flex e-con-boxed e-con e-parent\" data-id=\"cdcd9c0\" data-element_type=\"container\" data-e-type=\"container\">\n\t\t\t\t\t<div class=\"e-con-inner\">\n\t\t<div class=\"elementor-element elementor-element-52a7e63 e-con-full e-flex e-con e-child\" data-id=\"52a7e63\" data-element_type=\"container\" data-e-type=\"container\">\n\t\t\t\t<div class=\"elementor-element elementor-element-a2ff952 elementor-widget elementor-widget-heading\" data-id=\"a2ff952\" data-element_type=\"widget\" data-e-type=\"widget\" data-widget_type=\"heading.default\">\n\t\t\t\t<div class=\"elementor-widget-container\">\n\t\t\t\t\t<h2 class=\"elementor-heading-title elementor-size-default\">\u00bfQU\u00c9 SON LAS TIERRAS P\u00daBLICAS?<\/h2>\t\t\t\t<\/div>\n\t\t\t\t<\/div>\n\t\t\t\t<\/div>\n\t\t<div class=\"elementor-element elementor-element-afe8019 e-con-full e-flex e-con e-child\" data-id=\"afe8019\" data-element_type=\"container\" data-e-type=\"container\">\n\t\t\t\t<div class=\"elementor-element elementor-element-39efd18 elementor-widget elementor-widget-text-editor\" data-id=\"39efd18\" data-element_type=\"widget\" data-e-type=\"widget\" data-widget_type=\"text-editor.default\">\n\t\t\t\t<div class=\"elementor-widget-container\">\n\t\t\t\t\t\t\t\t\t<p>Las tierras p\u00fablicas son zonas gestionadas por el Estado y financiadas con fondos p\u00fablicos, como nuestros impuestos. Cuando la mayor\u00eda de la gente oye el t\u00e9rmino tierras p\u00fablicas, piensa en lugares como el Parque Nacional del Gran Ca\u00f1\u00f3n, pero los parques de las ciudades y los condados tambi\u00e9n son tierras p\u00fablicas, al igual que las rutas de senderismo y ciclismo, los espacios abiertos, las \u00e1reas recreativas, las reservas, los bosques nacionales, los espacios naturales y los lugares hist\u00f3ricos y monumentos culturales.<br \/>\nArizona es el hogar de 22 naciones ind\u00edgenas reconocidas a nivel federal. En Chispa AZ, reconocemos que somos hu\u00e9spedes no invitados en tierras robadas, no cedidas, y luchamos por su protecci\u00f3n junto a nuestros parientes ind\u00edgenas.<\/p>\n\t\t\t\t\t\t\t\t<\/div>\n\t\t\t\t<\/div>\n\t\t\t\t<\/div>\n\t\t\t\t\t<\/div>\n\t\t\t\t<\/div>\n\t\t<div class=\"elementor-element elementor-element-37ad384 e-flex e-con-boxed e-con e-parent\" data-id=\"37ad384\" data-element_type=\"container\" data-e-type=\"container\">\n\t\t\t\t\t<div class=\"e-con-inner\">\n\t\t\t\t<div class=\"elementor-element elementor-element-21ad20e elementor-widget elementor-widget-image\" data-id=\"21ad20e\" data-element_type=\"widget\" data-e-type=\"widget\" data-widget_type=\"image.default\">\n\t\t\t\t<div class=\"elementor-widget-container\">\n\t\t\t\t\t\t\t\t\t\t\t\t<figure class=\"wp-caption\">\n\t\t\t\t\t\t\t\t\t\t<img fetchpriority=\"high\" decoding=\"async\" width=\"1238\" height=\"460\" src=\"https:\/\/chispaaz.org\/wp-content\/uploads\/2024\/05\/CHISPA_EnvLobbyDay-051-1-21.png\" class=\"attachment-full size-full wp-image-5011\" alt=\"\" srcset=\"https:\/\/chispaaz.org\/wp-content\/uploads\/2024\/05\/CHISPA_EnvLobbyDay-051-1-21.png 1238w, https:\/\/chispaaz.org\/wp-content\/uploads\/2024\/05\/CHISPA_EnvLobbyDay-051-1-21-300x111.png 300w, https:\/\/chispaaz.org\/wp-content\/uploads\/2024\/05\/CHISPA_EnvLobbyDay-051-1-21-1024x380.png 1024w, https:\/\/chispaaz.org\/wp-content\/uploads\/2024\/05\/CHISPA_EnvLobbyDay-051-1-21-768x285.png 768w\" sizes=\"(max-width: 1238px) 100vw, 1238px\" \/>\t\t\t\t\t\t\t\t\t\t\t<figcaption class=\"widget-image-caption wp-caption-text\"><\/figcaption>\n\t\t\t\t\t\t\t\t\t\t<\/figure>\n\t\t\t\t\t\t\t\t\t<\/div>\n\t\t\t\t<\/div>\n\t\t\t\t\t<\/div>\n\t\t\t\t<\/div>\n\t\t<div class=\"elementor-element elementor-element-1f68c62 e-flex e-con-boxed e-con e-parent\" data-id=\"1f68c62\" data-element_type=\"container\" data-e-type=\"container\" data-settings=\"{&quot;background_background&quot;:&quot;classic&quot;}\">\n\t\t\t\t\t<div class=\"e-con-inner\">\n\t\t<div class=\"elementor-element elementor-element-57fcad2 e-con-full e-flex e-con e-child\" data-id=\"57fcad2\" data-element_type=\"container\" data-e-type=\"container\">\n\t\t\t\t<div class=\"elementor-element elementor-element-3f3fe01 elementor-widget__width-initial elementor-widget elementor-widget-heading\" data-id=\"3f3fe01\" data-element_type=\"widget\" data-e-type=\"widget\" data-widget_type=\"heading.default\">\n\t\t\t\t<div class=\"elementor-widget-container\">\n\t\t\t\t\t<h4 class=\"elementor-heading-title elementor-size-default\">NUESTRO LLAMADO A LA ACCI\u00d3N<\/h4>\t\t\t\t<\/div>\n\t\t\t\t<\/div>\n\t\t\t\t<\/div>\n\t\t<div class=\"elementor-element elementor-element-8c943a1 e-con-full e-flex e-con e-child\" data-id=\"8c943a1\" data-element_type=\"container\" data-e-type=\"container\" data-settings=\"{&quot;background_background&quot;:&quot;classic&quot;}\">\n\t\t\t\t<div class=\"elementor-element elementor-element-55e4f76 elementor-widget elementor-widget-image\" data-id=\"55e4f76\" data-element_type=\"widget\" data-e-type=\"widget\" data-widget_type=\"image.default\">\n\t\t\t\t<div class=\"elementor-widget-container\">\n\t\t\t\t\t\t\t\t\t\t\t\t<figure class=\"wp-caption\">\n\t\t\t\t\t\t\t\t\t\t<img decoding=\"async\" width=\"300\" height=\"192\" src=\"https:\/\/chispaaz.org\/wp-content\/uploads\/2024\/05\/Heading1-300x192.png\" class=\"attachment-medium size-medium wp-image-5012\" alt=\"\" srcset=\"https:\/\/chispaaz.org\/wp-content\/uploads\/2024\/05\/Heading1-300x192.png 300w, https:\/\/chispaaz.org\/wp-content\/uploads\/2024\/05\/Heading1.png 331w\" sizes=\"(max-width: 300px) 100vw, 300px\" \/>\t\t\t\t\t\t\t\t\t\t\t<figcaption class=\"widget-image-caption wp-caption-text\"><\/figcaption>\n\t\t\t\t\t\t\t\t\t\t<\/figure>\n\t\t\t\t\t\t\t\t\t<\/div>\n\t\t\t\t<\/div>\n\t\t\t\t<div class=\"elementor-element elementor-element-e6255c9 elementor-widget elementor-widget-text-editor\" data-id=\"e6255c9\" data-element_type=\"widget\" data-e-type=\"widget\" data-widget_type=\"text-editor.default\">\n\t\t\t\t<div class=\"elementor-widget-container\">\n\t\t\t\t\t\t\t\t\t<p>Apoyamos a nuestros parientes ind\u00edgenas que han estado pidiendo la protecci\u00f3n de tierras sagradas como el Gran Recodo del Gila y el Gran Ca\u00f1\u00f3n. Las tierras p\u00fablicas son cruciales para la preservaci\u00f3n de la historia y para comprender la rica diversidad de las historias de nuestro estado, as\u00ed como las experiencias de las comunidades ind\u00edgenas, latinas y otras.<\/p>\n\t\t\t\t\t\t\t\t<\/div>\n\t\t\t\t<\/div>\n\t\t\t\t<\/div>\n\t\t<div class=\"elementor-element elementor-element-3bcdd77 e-con-full e-flex e-con e-child\" data-id=\"3bcdd77\" data-element_type=\"container\" data-e-type=\"container\" data-settings=\"{&quot;background_background&quot;:&quot;classic&quot;}\">\n\t\t\t\t<div class=\"elementor-element elementor-element-ef5413b elementor-widget elementor-widget-image\" data-id=\"ef5413b\" data-element_type=\"widget\" data-e-type=\"widget\" data-widget_type=\"image.default\">\n\t\t\t\t<div class=\"elementor-widget-container\">\n\t\t\t\t\t\t\t\t\t\t\t\t<figure class=\"wp-caption\">\n\t\t\t\t\t\t\t\t\t\t<img decoding=\"async\" width=\"300\" height=\"171\" src=\"https:\/\/chispaaz.org\/wp-content\/uploads\/2024\/05\/Heading-11-300x171.png\" class=\"attachment-medium size-medium wp-image-2787\" alt=\"\" srcset=\"https:\/\/chispaaz.org\/wp-content\/uploads\/2024\/05\/Heading-11-300x171.png 300w, https:\/\/chispaaz.org\/wp-content\/uploads\/2024\/05\/Heading-11.png 371w\" sizes=\"(max-width: 300px) 100vw, 300px\" \/>\t\t\t\t\t\t\t\t\t\t\t<figcaption class=\"widget-image-caption wp-caption-text\"><\/figcaption>\n\t\t\t\t\t\t\t\t\t\t<\/figure>\n\t\t\t\t\t\t\t\t\t<\/div>\n\t\t\t\t<\/div>\n\t\t\t\t<div class=\"elementor-element elementor-element-f3dc313 elementor-widget elementor-widget-text-editor\" data-id=\"f3dc313\" data-element_type=\"widget\" data-e-type=\"widget\" data-widget_type=\"text-editor.default\">\n\t\t\t\t<div class=\"elementor-widget-container\">\n\t\t\t\t\t\t\t\t\t<p>Pedimos el financiamiento completo del Fondo del Patrimonio con $10 millones cada a\u00f1o. Los legisladores de Arizona deben priorizar el financiamiento para el Fondo del Patrimonio en el presupuesto estatal anual. El Fondo del Patrimonio apoya proyectos de parques estatales y locales en Arizona y la preservaci\u00f3n hist\u00f3rica de sitios culturalmente significativos.<\/p>\n\t\t\t\t\t\t\t\t<\/div>\n\t\t\t\t<\/div>\n\t\t\t\t<\/div>\n\t\t\t\t\t<\/div>\n\t\t\t\t<\/div>\n\t\t<div class=\"elementor-element elementor-element-01768e0 e-flex e-con-boxed e-con e-parent\" data-id=\"01768e0\" data-element_type=\"container\" data-e-type=\"container\" data-settings=\"{&quot;background_background&quot;:&quot;classic&quot;}\">\n\t\t\t\t\t<div class=\"e-con-inner\">\n\t\t<div class=\"elementor-element elementor-element-eb5980c e-con-full e-flex e-con e-child\" data-id=\"eb5980c\" data-element_type=\"container\" data-e-type=\"container\">\n\t\t\t\t<\/div>\n\t\t<div class=\"elementor-element elementor-element-b08f162 e-con-full e-flex e-con e-child\" data-id=\"b08f162\" data-element_type=\"container\" data-e-type=\"container\" data-settings=\"{&quot;background_background&quot;:&quot;classic&quot;}\">\n\t\t\t\t<div class=\"elementor-element elementor-element-d81a6bc elementor-widget elementor-widget-image\" data-id=\"d81a6bc\" data-element_type=\"widget\" data-e-type=\"widget\" data-widget_type=\"image.default\">\n\t\t\t\t<div class=\"elementor-widget-container\">\n\t\t\t\t\t\t\t\t\t\t\t\t<figure class=\"wp-caption\">\n\t\t\t\t\t\t\t\t\t\t<img loading=\"lazy\" decoding=\"async\" width=\"300\" height=\"173\" src=\"https:\/\/chispaaz.org\/wp-content\/uploads\/2024\/05\/Heading-21-300x173.png\" class=\"attachment-medium size-medium wp-image-2789\" alt=\"\" srcset=\"https:\/\/chispaaz.org\/wp-content\/uploads\/2024\/05\/Heading-21-300x173.png 300w, https:\/\/chispaaz.org\/wp-content\/uploads\/2024\/05\/Heading-21.png 367w\" sizes=\"(max-width: 300px) 100vw, 300px\" \/>\t\t\t\t\t\t\t\t\t\t\t<figcaption class=\"widget-image-caption wp-caption-text\"><\/figcaption>\n\t\t\t\t\t\t\t\t\t\t<\/figure>\n\t\t\t\t\t\t\t\t\t<\/div>\n\t\t\t\t<\/div>\n\t\t\t\t<div class=\"elementor-element elementor-element-23fb2b7 elementor-widget elementor-widget-text-editor\" data-id=\"23fb2b7\" data-element_type=\"widget\" data-e-type=\"widget\" data-widget_type=\"text-editor.default\">\n\t\t\t\t<div class=\"elementor-widget-container\">\n\t\t\t\t\t\t\t\t\t<p>Pedimos parques y espacios abiertos inclusivos y accesibles. \u00a1Nuestras comunidades pertenecen a las tierras p\u00fablicas! A medida que planeamos nuevos parques y espacios verdes abiertos, debemos asegurarnos de que vayan donde m\u00e1s se necesitan: comunidades de bajos ingresos y comunidades de color.<\/p>\n\t\t\t\t\t\t\t\t<\/div>\n\t\t\t\t<\/div>\n\t\t\t\t<\/div>\n\t\t<div class=\"elementor-element elementor-element-2031b71 e-con-full e-flex e-con e-child\" data-id=\"2031b71\" data-element_type=\"container\" data-e-type=\"container\" data-settings=\"{&quot;background_background&quot;:&quot;classic&quot;}\">\n\t\t\t\t<div class=\"elementor-element elementor-element-771ce58 elementor-widget__width-initial elementor-widget elementor-widget-heading\" data-id=\"771ce58\" data-element_type=\"widget\" data-e-type=\"widget\" data-widget_type=\"heading.default\">\n\t\t\t\t<div class=\"elementor-widget-container\">\n\t\t\t\t\t<h3 class=\"elementor-heading-title elementor-size-default\">\u00daNETE A NUESTRO COMIT\u00c9 DE TIERRAS P\u00daBLICAS<\/h3>\t\t\t\t<\/div>\n\t\t\t\t<\/div>\n\t\t\t\t<div class=\"elementor-element elementor-element-9c56e71 elementor-widget elementor-widget-image\" data-id=\"9c56e71\" data-element_type=\"widget\" data-e-type=\"widget\" data-widget_type=\"image.default\">\n\t\t\t\t<div class=\"elementor-widget-container\">\n\t\t\t\t\t\t\t\t\t\t\t\t\t\t\t<img loading=\"lazy\" decoding=\"async\" width=\"125\" height=\"124\" src=\"https:\/\/chispaaz.org\/wp-content\/uploads\/2024\/05\/ARROW1.png\" class=\"attachment-large size-large wp-image-2796\" alt=\"\" \/>\t\t\t\t\t\t\t\t\t\t\t\t\t\t\t<\/div>\n\t\t\t\t<\/div>\n\t\t\t\t<\/div>\n\t\t\t\t\t<\/div>\n\t\t\t\t<\/div>\n\t\t<div class=\"elementor-element elementor-element-59dcea8 e-flex e-con-boxed e-con e-parent\" data-id=\"59dcea8\" data-element_type=\"container\" data-e-type=\"container\" data-settings=\"{&quot;background_background&quot;:&quot;classic&quot;}\">\n\t\t\t\t\t<div class=\"e-con-inner\">\n\t\t<div class=\"elementor-element elementor-element-bdd0b65 e-con-full e-flex e-con e-child\" data-id=\"bdd0b65\" data-element_type=\"container\" data-e-type=\"container\">\n\t\t\t\t<div class=\"elementor-element elementor-element-0b4dbbf elementor-widget elementor-widget-image\" data-id=\"0b4dbbf\" data-element_type=\"widget\" data-e-type=\"widget\" data-widget_type=\"image.default\">\n\t\t\t\t<div class=\"elementor-widget-container\">\n\t\t\t\t\t\t\t\t\t\t\t\t\t\t\t<img loading=\"lazy\" decoding=\"async\" width=\"600\" height=\"414\" src=\"https:\/\/chispaaz.org\/wp-content\/uploads\/2024\/05\/3G8A7160-11.png\" class=\"attachment-large size-large wp-image-2803\" alt=\"\" srcset=\"https:\/\/chispaaz.org\/wp-content\/uploads\/2024\/05\/3G8A7160-11.png 600w, https:\/\/chispaaz.org\/wp-content\/uploads\/2024\/05\/3G8A7160-11-300x207.png 300w\" sizes=\"(max-width: 600px) 100vw, 600px\" \/>\t\t\t\t\t\t\t\t\t\t\t\t\t\t\t<\/div>\n\t\t\t\t<\/div>\n\t\t\t\t<\/div>\n\t\t<div class=\"elementor-element elementor-element-57ae248 e-con-full e-flex e-con e-child\" data-id=\"57ae248\" data-element_type=\"container\" data-e-type=\"container\">\n\t\t\t\t<div class=\"elementor-element elementor-element-c7dfe00 elementor-widget elementor-widget-image\" data-id=\"c7dfe00\" data-element_type=\"widget\" data-e-type=\"widget\" data-widget_type=\"image.default\">\n\t\t\t\t<div class=\"elementor-widget-container\">\n\t\t\t\t\t\t\t\t\t\t\t\t\t\t\t<img loading=\"lazy\" decoding=\"async\" width=\"601\" height=\"523\" src=\"https:\/\/chispaaz.org\/wp-content\/uploads\/2024\/05\/CHISPA_EnvLobbyDay-063-11.png\" class=\"attachment-large size-large wp-image-2805\" alt=\"\" srcset=\"https:\/\/chispaaz.org\/wp-content\/uploads\/2024\/05\/CHISPA_EnvLobbyDay-063-11.png 601w, https:\/\/chispaaz.org\/wp-content\/uploads\/2024\/05\/CHISPA_EnvLobbyDay-063-11-300x261.png 300w\" sizes=\"(max-width: 601px) 100vw, 601px\" \/>\t\t\t\t\t\t\t\t\t\t\t\t\t\t\t<\/div>\n\t\t\t\t<\/div>\n\t\t\t\t<\/div>\n\t\t\t\t\t<\/div>\n\t\t\t\t<\/div>\n\t\t\t\t<\/div>\n\t\t","protected":false},"excerpt":{"rendered":"<p>\u00a1LAS TIERRAS P\u00daBLICAS PERTENECEN AL PUEBLO! En Chispa Arizona, trabajamos junto a nuestros parientes ind\u00edgenas para proteger y preservar nuestras tierras p\u00fablicas, y para aumentar el acceso de aquellas comunidades que se han quedado fuera de ellas. \u00bfQU\u00c9 SON LAS TIERRAS P\u00daBLICAS? Las tierras p\u00fablicas son zonas gestionadas por el Estado y financiadas con fondos [&hellip;]<\/p>\n","protected":false},"author":14,"featured_media":0,"parent":4913,"menu_order":0,"comment_status":"closed","ping_status":"closed","template":"elementor_header_footer","meta":{"_acf_changed":false,"_monsterinsights_skip_tracking":false,"_monsterinsights_sitenote_active":false,"_monsterinsights_sitenote_note":"","_monsterinsights_sitenote_category":0,"footnotes":""},"class_list":["post-5009","page","type-page","status-publish","hentry"],"acf":[],"_links":{"self":[{"href":"https:\/\/chispaaz.org\/es\/wp-json\/wp\/v2\/pages\/5009","targetHints":{"allow":["GET"]}}],"collection":[{"href":"https:\/\/chispaaz.org\/es\/wp-json\/wp\/v2\/pages"}],"about":[{"href":"https:\/\/chispaaz.org\/es\/wp-json\/wp\/v2\/types\/page"}],"author":[{"embeddable":true,"href":"https:\/\/chispaaz.org\/es\/wp-json\/wp\/v2\/users\/14"}],"replies":[{"embeddable":true,"href":"https:\/\/chispaaz.org\/es\/wp-json\/wp\/v2\/comments?post=5009"}],"version-history":[{"count":0,"href":"https:\/\/chispaaz.org\/es\/wp-json\/wp\/v2\/pages\/5009\/revisions"}],"up":[{"embeddable":true,"href":"https:\/\/chispaaz.org\/es\/wp-json\/wp\/v2\/pages\/4913"}],"wp:attachment":[{"href":"https:\/\/chispaaz.org\/es\/wp-json\/wp\/v2\/media?parent=5009"}],"curies":[{"name":"wp","href":"https:\/\/api.w.org\/{rel}","templated":true}]}}