{"id":5003,"date":"2024-05-15T03:29:22","date_gmt":"2024-05-15T03:29:22","guid":{"rendered":"https:\/\/chispaaz.org\/campana\/comprometete-a-votar\/"},"modified":"2026-03-03T18:03:34","modified_gmt":"2026-03-03T18:03:34","slug":"comprometete-a-votar","status":"publish","type":"page","link":"https:\/\/chispaaz.org\/es\/campana\/comprometete-a-votar\/","title":{"rendered":"Comprom\u00e9tete a Votar"},"content":{"rendered":"\t\t<div data-elementor-type=\"wp-page\" data-elementor-id=\"5003\" class=\"elementor elementor-5003 elementor-2971\" data-elementor-post-type=\"page\">\n\t\t\t\t<div class=\"elementor-element elementor-element-2bccf49 e-flex e-con-boxed e-con e-parent\" data-id=\"2bccf49\" data-element_type=\"container\" data-e-type=\"container\" data-settings=\"{&quot;background_background&quot;:&quot;classic&quot;}\">\n\t\t\t\t\t<div class=\"e-con-inner\">\n\t\t<div class=\"elementor-element elementor-element-542d275 e-flex e-con-boxed e-con e-child\" data-id=\"542d275\" data-element_type=\"container\" data-e-type=\"container\">\n\t\t\t\t\t<div class=\"e-con-inner\">\n\t\t\t\t<div class=\"elementor-element elementor-element-3ede688 elementor-widget elementor-widget-heading\" data-id=\"3ede688\" data-element_type=\"widget\" data-e-type=\"widget\" data-widget_type=\"heading.default\">\n\t\t\t\t<div class=\"elementor-widget-container\">\n\t\t\t\t\t<h1 class=\"elementor-heading-title elementor-size-default\">COMPROM\u00c9TETE A VOTAR<\/h1>\t\t\t\t<\/div>\n\t\t\t\t<\/div>\n\t\t<div class=\"elementor-element elementor-element-246c509 e-flex e-con-boxed e-con e-child\" data-id=\"246c509\" data-element_type=\"container\" data-e-type=\"container\">\n\t\t\t\t\t<div class=\"e-con-inner\">\n\t\t\t\t<div class=\"elementor-element elementor-element-16cf421 elementor-widget elementor-widget-text-editor\" data-id=\"16cf421\" data-element_type=\"widget\" data-e-type=\"widget\" data-widget_type=\"text-editor.default\">\n\t\t\t\t<div class=\"elementor-widget-container\">\n\t\t\t\t\t\t\t\t\t<p>\u00a1Todos tenemos un papel en sembrar las semillas para nuestro futuro!<\/p>\n<p>Desde el principio hasta el final de la boleta, desde las comunidades rurales hasta las urbanas, desde la Generaci\u00f3n Z hasta los Boomers: estamos Votando y Plantando.<\/p>\n\t\t\t\t\t\t\t\t<\/div>\n\t\t\t\t<\/div>\n\t\t\t\t\t<\/div>\n\t\t\t\t<\/div>\n\t\t\t\t\t<\/div>\n\t\t\t\t<\/div>\n\t\t\t\t<div class=\"elementor-element elementor-element-7120ca8 elementor-widget elementor-widget-spacer\" data-id=\"7120ca8\" data-element_type=\"widget\" data-e-type=\"widget\" data-widget_type=\"spacer.default\">\n\t\t\t\t<div class=\"elementor-widget-container\">\n\t\t\t\t\t\t\t<div class=\"elementor-spacer\">\n\t\t\t<div class=\"elementor-spacer-inner\"><\/div>\n\t\t<\/div>\n\t\t\t\t\t\t<\/div>\n\t\t\t\t<\/div>\n\t\t\t\t\t<\/div>\n\t\t\t\t<\/div>\n\t\t<div class=\"elementor-element elementor-element-22c8acd e-flex e-con-boxed e-con e-parent\" data-id=\"22c8acd\" data-element_type=\"container\" data-e-type=\"container\">\n\t\t\t\t\t<div class=\"e-con-inner\">\n\t\t<div class=\"elementor-element elementor-element-c12e23d e-flex e-con-boxed e-con e-child\" data-id=\"c12e23d\" data-element_type=\"container\" data-e-type=\"container\" data-settings=\"{&quot;background_background&quot;:&quot;classic&quot;}\">\n\t\t\t\t\t<div class=\"e-con-inner\">\n\t\t<div class=\"elementor-element elementor-element-f26b34a e-con-full e-flex e-con e-child\" data-id=\"f26b34a\" data-element_type=\"container\" data-e-type=\"container\">\n\t\t\t\t<div class=\"elementor-element elementor-element-0c16b8e elementor-widget elementor-widget-heading\" data-id=\"0c16b8e\" data-element_type=\"widget\" data-e-type=\"widget\" data-widget_type=\"heading.default\">\n\t\t\t\t<div class=\"elementor-widget-container\">\n\t\t\t\t\t<h2 class=\"elementor-heading-title elementor-size-default\">REGISTRAMOS A VOTANTES HIST\u00d3RICAMENTE POCO REPRESENTADOS EN EL PROCESO POL\u00cdTICO<\/h2>\t\t\t\t<\/div>\n\t\t\t\t<\/div>\n\t\t\t\t<div class=\"elementor-element elementor-element-ca83f13 elementor-align-left elementor-widget elementor-widget-button\" data-id=\"ca83f13\" data-element_type=\"widget\" data-e-type=\"widget\" data-widget_type=\"button.default\">\n\t\t\t\t<div class=\"elementor-widget-container\">\n\t\t\t\t\t\t\t\t\t<div class=\"elementor-button-wrapper\">\n\t\t\t\t\t<a class=\"elementor-button elementor-button-link elementor-size-sm\" href=\"https:\/\/secure.everyaction.com\/eg_ubSubsUu4AcWzTulQ2Q2\" target=\"_blank\" rel=\"nofollow noopener\">\n\t\t\t\t\t\t<span class=\"elementor-button-content-wrapper\">\n\t\t\t\t\t\t\t\t\t<span class=\"elementor-button-text\">COMPROM\u00c9TETE A VOTAR HOY<\/span>\n\t\t\t\t\t<\/span>\n\t\t\t\t\t<\/a>\n\t\t\t\t<\/div>\n\t\t\t\t\t\t\t\t<\/div>\n\t\t\t\t<\/div>\n\t\t\t\t<\/div>\n\t\t<div class=\"elementor-element elementor-element-d0bad35 e-flex e-con-boxed e-con e-child\" data-id=\"d0bad35\" data-element_type=\"container\" data-e-type=\"container\">\n\t\t\t\t\t<div class=\"e-con-inner\">\n\t\t\t\t<div class=\"elementor-element elementor-element-c9a0edf elementor-widget elementor-widget-text-editor\" data-id=\"c9a0edf\" data-element_type=\"widget\" data-e-type=\"widget\" data-widget_type=\"text-editor.default\">\n\t\t\t\t<div class=\"elementor-widget-container\">\n\t\t\t\t\t\t\t\t\t<p>A trav\u00e9s de nuestra campa\u00f1a Votando y Plantando, inscribimos a votantes hist\u00f3ricamente poco representados en el proceso pol\u00edtico, abriendo el camino a un electorado m\u00e1s amplio que refleje mejor nuestros valores y nuestras comunidades.<\/p>\n<p>La salud a largo plazo de nuestras comunidades, nuestros amigos, familias, hogares y medio ambiente est\u00e1 ligada a la salud de nuestra democracia. Cuando salimos a votar, utilizamos el poder colectivo de nuestro pueblo para marcar la diferencia y luchar por la justicia ambiental. Si no est\u00e1s registrado para votar, \u00a1podemos ayudarte!<\/p>\n\t\t\t\t\t\t\t\t<\/div>\n\t\t\t\t<\/div>\n\t\t\t\t\t<\/div>\n\t\t\t\t<\/div>\n\t\t\t\t\t<\/div>\n\t\t\t\t<\/div>\n\t\t\t\t\t<\/div>\n\t\t\t\t<\/div>\n\t\t<div class=\"elementor-element elementor-element-6a6a6413 e-flex e-con-boxed e-con e-parent\" data-id=\"6a6a6413\" data-element_type=\"container\" data-e-type=\"container\" data-settings=\"{&quot;background_background&quot;:&quot;classic&quot;}\">\n\t\t\t\t\t<div class=\"e-con-inner\">\n\t\t<div class=\"elementor-element elementor-element-3e04033 e-con-full e-flex e-con e-child\" data-id=\"3e04033\" data-element_type=\"container\" data-e-type=\"container\">\n\t\t\t\t<div class=\"elementor-element elementor-element-7e2c8279 elementor-widget elementor-widget-image\" data-id=\"7e2c8279\" data-element_type=\"widget\" data-e-type=\"widget\" data-widget_type=\"image.default\">\n\t\t\t\t<div class=\"elementor-widget-container\">\n\t\t\t\t\t\t\t\t\t\t\t\t\t\t\t<img fetchpriority=\"high\" decoding=\"async\" width=\"2560\" height=\"1707\" src=\"https:\/\/chispaaz.org\/wp-content\/uploads\/2026\/03\/DSC08369-2-scaled.jpeg\" class=\"attachment-full size-full wp-image-6050\" alt=\"\" srcset=\"https:\/\/chispaaz.org\/wp-content\/uploads\/2026\/03\/DSC08369-2-scaled.jpeg 2560w, https:\/\/chispaaz.org\/wp-content\/uploads\/2026\/03\/DSC08369-2-300x200.jpeg 300w, https:\/\/chispaaz.org\/wp-content\/uploads\/2026\/03\/DSC08369-2-1024x683.jpeg 1024w, https:\/\/chispaaz.org\/wp-content\/uploads\/2026\/03\/DSC08369-2-768x512.jpeg 768w, https:\/\/chispaaz.org\/wp-content\/uploads\/2026\/03\/DSC08369-2-1536x1024.jpeg 1536w, https:\/\/chispaaz.org\/wp-content\/uploads\/2026\/03\/DSC08369-2-2048x1365.jpeg 2048w\" sizes=\"(max-width: 2560px) 100vw, 2560px\" \/>\t\t\t\t\t\t\t\t\t\t\t\t\t\t\t<\/div>\n\t\t\t\t<\/div>\n\t\t\t\t<\/div>\n\t\t<div class=\"elementor-element elementor-element-d0b65f0 e-con-full e-flex e-con e-child\" data-id=\"d0b65f0\" data-element_type=\"container\" data-e-type=\"container\" data-settings=\"{&quot;background_background&quot;:&quot;classic&quot;}\">\n\t\t\t\t<div class=\"elementor-element elementor-element-1d34c036 elementor-widget elementor-widget-heading\" data-id=\"1d34c036\" data-element_type=\"widget\" data-e-type=\"widget\" data-widget_type=\"heading.default\">\n\t\t\t\t<div class=\"elementor-widget-container\">\n\t\t\t\t\t<h3 class=\"elementor-heading-title elementor-size-default\">\u00daNETE A NUESTRO PROGRAMA PLANTANDO SEMILLAS Y FORJA EL FUTURO DE NUESTRO PLANETA<\/h3>\t\t\t\t<\/div>\n\t\t\t\t<\/div>\n\t\t\t\t<div class=\"elementor-element elementor-element-69be251 elementor-widget elementor-widget-text-editor\" data-id=\"69be251\" data-element_type=\"widget\" data-e-type=\"widget\" data-widget_type=\"text-editor.default\">\n\t\t\t\t<div class=\"elementor-widget-container\">\n\t\t\t\t\t\t\t\t\t<p>Descubre c\u00f3mo potenciamos las voces de los j\u00f3venes y formamos a la pr\u00f3xima generaci\u00f3n de l\u00edderes clim\u00e1ticos.<\/p>\n\t\t\t\t\t\t\t\t<\/div>\n\t\t\t\t<\/div>\n\t\t\t\t<div class=\"elementor-element elementor-element-2fc1098d elementor-align-left elementor-mobile-align-justify elementor-widget elementor-widget-button\" data-id=\"2fc1098d\" data-element_type=\"widget\" data-e-type=\"widget\" data-widget_type=\"button.default\">\n\t\t\t\t<div class=\"elementor-widget-container\">\n\t\t\t\t\t\t\t\t\t<div class=\"elementor-button-wrapper\">\n\t\t\t\t\t<a class=\"elementor-button elementor-button-link elementor-size-sm\" href=\"https:\/\/chispaaz.org\/es\/programa-juvenil\/\">\n\t\t\t\t\t\t<span class=\"elementor-button-content-wrapper\">\n\t\t\t\t\t\t\t\t\t<span class=\"elementor-button-text\">M\u00c1S INFORMACI\u00d3N<\/span>\n\t\t\t\t\t<\/span>\n\t\t\t\t\t<\/a>\n\t\t\t\t<\/div>\n\t\t\t\t\t\t\t\t<\/div>\n\t\t\t\t<\/div>\n\t\t\t\t<\/div>\n\t\t\t\t\t<\/div>\n\t\t\t\t<\/div>\n\t\t\t\t<\/div>\n\t\t","protected":false},"excerpt":{"rendered":"<p>COMPROM\u00c9TETE A VOTAR \u00a1Todos tenemos un papel en sembrar las semillas para nuestro futuro! Desde el principio hasta el final de la boleta, desde las comunidades rurales hasta las urbanas, desde la Generaci\u00f3n Z hasta los Boomers: estamos Votando y Plantando. REGISTRAMOS A VOTANTES HIST\u00d3RICAMENTE POCO REPRESENTADOS EN EL PROCESO POL\u00cdTICO COMPROM\u00c9TETE A VOTAR HOY [&hellip;]<\/p>\n","protected":false},"author":14,"featured_media":0,"parent":4913,"menu_order":0,"comment_status":"closed","ping_status":"closed","template":"elementor_header_footer","meta":{"_acf_changed":false,"_monsterinsights_skip_tracking":false,"_monsterinsights_sitenote_active":false,"_monsterinsights_sitenote_note":"","_monsterinsights_sitenote_category":0,"footnotes":""},"class_list":["post-5003","page","type-page","status-publish","hentry"],"acf":[],"_links":{"self":[{"href":"https:\/\/chispaaz.org\/es\/wp-json\/wp\/v2\/pages\/5003","targetHints":{"allow":["GET"]}}],"collection":[{"href":"https:\/\/chispaaz.org\/es\/wp-json\/wp\/v2\/pages"}],"about":[{"href":"https:\/\/chispaaz.org\/es\/wp-json\/wp\/v2\/types\/page"}],"author":[{"embeddable":true,"href":"https:\/\/chispaaz.org\/es\/wp-json\/wp\/v2\/users\/14"}],"replies":[{"embeddable":true,"href":"https:\/\/chispaaz.org\/es\/wp-json\/wp\/v2\/comments?post=5003"}],"version-history":[{"count":4,"href":"https:\/\/chispaaz.org\/es\/wp-json\/wp\/v2\/pages\/5003\/revisions"}],"predecessor-version":[{"id":6054,"href":"https:\/\/chispaaz.org\/es\/wp-json\/wp\/v2\/pages\/5003\/revisions\/6054"}],"up":[{"embeddable":true,"href":"https:\/\/chispaaz.org\/es\/wp-json\/wp\/v2\/pages\/4913"}],"wp:attachment":[{"href":"https:\/\/chispaaz.org\/es\/wp-json\/wp\/v2\/media?parent=5003"}],"curies":[{"name":"wp","href":"https:\/\/api.w.org\/{rel}","templated":true}]}}