{"id":4959,"date":"2024-05-15T03:36:31","date_gmt":"2024-05-15T03:36:31","guid":{"rendered":"https:\/\/chispaaz.org\/programa-juvenil\/"},"modified":"2026-03-03T18:06:40","modified_gmt":"2026-03-03T18:06:40","slug":"programa-juvenil","status":"publish","type":"page","link":"https:\/\/chispaaz.org\/es\/programa-juvenil\/","title":{"rendered":"Programa Juvenil"},"content":{"rendered":"\t\t<div data-elementor-type=\"wp-page\" data-elementor-id=\"4959\" class=\"elementor elementor-4959 elementor-2983\" data-elementor-post-type=\"page\">\n\t\t\t\t<div class=\"elementor-element elementor-element-08597b9 l-container e-flex e-con-boxed e-con e-parent\" data-id=\"08597b9\" data-element_type=\"container\" data-e-type=\"container\">\n\t\t\t\t\t<div class=\"e-con-inner\">\n\t\t<div class=\"elementor-element elementor-element-ad8323d e-con-full e-flex e-con e-child\" data-id=\"ad8323d\" data-element_type=\"container\" data-e-type=\"container\">\n\t\t\t\t<div class=\"elementor-element elementor-element-1ddacb7 elementor-widget elementor-widget-heading\" data-id=\"1ddacb7\" data-element_type=\"widget\" data-e-type=\"widget\" data-widget_type=\"heading.default\">\n\t\t\t\t<div class=\"elementor-widget-container\">\n\t\t\t\t\t<h1 class=\"elementor-heading-title elementor-size-default\">\u00daNETE A NUESTRO PROGRAMA JUVENIL PLANTANDO SEMILLAS<\/h1>\t\t\t\t<\/div>\n\t\t\t\t<\/div>\n\t\t\t\t<div class=\"elementor-element elementor-element-f997bc9 elementor-align-left elementor-mobile-align-justify elementor-widget__width-inherit elementor-widget elementor-widget-button\" data-id=\"f997bc9\" data-element_type=\"widget\" data-e-type=\"widget\" data-widget_type=\"button.default\">\n\t\t\t\t<div class=\"elementor-widget-container\">\n\t\t\t\t\t\t\t\t\t<div class=\"elementor-button-wrapper\">\n\t\t\t\t\t<a class=\"elementor-button elementor-button-link elementor-size-sm\" href=\"https:\/\/secure.everyaction.com\/DQOptT0fDkGxRP0CwNfwOA2\" target=\"_blank\" rel=\"nofollow noopener\">\n\t\t\t\t\t\t<span class=\"elementor-button-content-wrapper\">\n\t\t\t\t\t\t\t\t\t<span class=\"elementor-button-text\">INSCR\u00cdBETE HOY MISMO<\/span>\n\t\t\t\t\t<\/span>\n\t\t\t\t\t<\/a>\n\t\t\t\t<\/div>\n\t\t\t\t\t\t\t\t<\/div>\n\t\t\t\t<\/div>\n\t\t\t\t<\/div>\n\t\t<div class=\"elementor-element elementor-element-4f03c15 e-con-full e-flex e-con e-child\" data-id=\"4f03c15\" data-element_type=\"container\" data-e-type=\"container\">\n\t\t\t\t<div class=\"elementor-element elementor-element-2f55b13 elementor-widget elementor-widget-text-editor\" data-id=\"2f55b13\" data-element_type=\"widget\" data-e-type=\"widget\" data-widget_type=\"text-editor.default\">\n\t\t\t\t<div class=\"elementor-widget-container\">\n\t\t\t\t\t\t\t\t\t<p>Plantando Semillas de Chispa Arizona es un programa de compromiso c\u00edvico de verano para j\u00f3venes de los condados de Maricopa, Pima y Yuma. Nos centramos en capacitar, orientar y proporcionar oportunidades de participaci\u00f3n c\u00edvica para ayudar a los j\u00f3venes a convertirse en l\u00edderes clim\u00e1ticos y defensores del cambio que quieren ver en su planeta.<\/p>\n<p>Nuestro plan de estudios incluye temas como el compromiso c\u00edvico, el registro de votantes, la organizaci\u00f3n y la defensa de la justicia ambiental y c\u00f3mo ser grandes comunicadores en los medios sociales y tradicionales. Todo ello adaptado a las necesidades \u00fanicas de nuestros j\u00f3venes.<\/p>\n\t\t\t\t\t\t\t\t<\/div>\n\t\t\t\t<\/div>\n\t\t\t\t<\/div>\n\t\t\t\t\t<\/div>\n\t\t\t\t<\/div>\n\t\t<div class=\"elementor-element elementor-element-a545b3e e-flex e-con-boxed e-con e-parent\" data-id=\"a545b3e\" data-element_type=\"container\" data-e-type=\"container\" data-settings=\"{&quot;background_background&quot;:&quot;classic&quot;}\">\n\t\t\t\t\t<div class=\"e-con-inner\">\n\t\t\t\t<div class=\"elementor-element elementor-element-93f36e9 elementor-widget elementor-widget-heading\" data-id=\"93f36e9\" data-element_type=\"widget\" data-e-type=\"widget\" data-widget_type=\"heading.default\">\n\t\t\t\t<div class=\"elementor-widget-container\">\n\t\t\t\t\t<div class=\"elementor-heading-title elementor-size-default\"><img decoding=\"async\" class=\"alignnone size-full wp-image-3250 aligncenter\" src=\"https:\/\/chispaaz.org\/wp-content\/uploads\/2024\/05\/DETALLES-DEL-PROGRAMA.svg\" alt=\"Program Details\"><\/div>\t\t\t\t<\/div>\n\t\t\t\t<\/div>\n\t\t<div class=\"elementor-element elementor-element-d022433 e-flex e-con-boxed e-con e-child\" data-id=\"d022433\" data-element_type=\"container\" data-e-type=\"container\">\n\t\t\t\t\t<div class=\"e-con-inner\">\n\t\t<div class=\"elementor-element elementor-element-7948635 e-grid e-con-boxed e-con e-child\" data-id=\"7948635\" data-element_type=\"container\" data-e-type=\"container\">\n\t\t\t\t\t<div class=\"e-con-inner\">\n\t\t\t\t<div class=\"elementor-element elementor-element-dd31fd7 elementor-widget elementor-widget-image-box\" data-id=\"dd31fd7\" data-element_type=\"widget\" data-e-type=\"widget\" data-widget_type=\"image-box.default\">\n\t\t\t\t<div class=\"elementor-widget-container\">\n\t\t\t\t\t<div class=\"elementor-image-box-wrapper\"><div class=\"elementor-image-box-content\"><h3 class=\"elementor-image-box-title\">M\u00e1s de 30 horas de servicio comunitario<\/h3><p class=\"elementor-image-box-description\">Los participantes (Semillas) tendr\u00e1n la oportunidad de adquirir m\u00e1s de 30 horas de servicio comunitario.<\/p><\/div><\/div>\t\t\t\t<\/div>\n\t\t\t\t<\/div>\n\t\t\t\t<div class=\"elementor-element elementor-element-1f6a06a elementor-widget elementor-widget-image-box\" data-id=\"1f6a06a\" data-element_type=\"widget\" data-e-type=\"widget\" data-widget_type=\"image-box.default\">\n\t\t\t\t<div class=\"elementor-widget-container\">\n\t\t\t\t\t<div class=\"elementor-image-box-wrapper\"><div class=\"elementor-image-box-content\"><h3 class=\"elementor-image-box-title\">Compromiso de 7 semanas<\/h3><p class=\"elementor-image-box-description\">Los participantes (Semillas) asistir\u00e1n a sesiones semanales centradas en capacitaci\u00f3n, mentor\u00eda y compromiso c\u00edvico.<\/p><\/div><\/div>\t\t\t\t<\/div>\n\t\t\t\t<\/div>\n\t\t\t\t<div class=\"elementor-element elementor-element-c46d72f elementor-widget elementor-widget-image-box\" data-id=\"c46d72f\" data-element_type=\"widget\" data-e-type=\"widget\" data-widget_type=\"image-box.default\">\n\t\t\t\t<div class=\"elementor-widget-container\">\n\t\t\t\t\t<div class=\"elementor-image-box-wrapper\"><div class=\"elementor-image-box-content\"><h3 class=\"elementor-image-box-title\">Abierto a j\u00f3venes de 12 a 18 a\u00f1os<\/h3><p class=\"elementor-image-box-description\">El programa est\u00e1 abierto a j\u00f3venes de entre 13 y 18 a\u00f1os que deseen participar en un programa de verano beneficioso.<\/p><\/div><\/div>\t\t\t\t<\/div>\n\t\t\t\t<\/div>\n\t\t\t\t<div class=\"elementor-element elementor-element-be2a5f3 elementor-widget elementor-widget-image-box\" data-id=\"be2a5f3\" data-element_type=\"widget\" data-e-type=\"widget\" data-widget_type=\"image-box.default\">\n\t\t\t\t<div class=\"elementor-widget-container\">\n\t\t\t\t\t<div class=\"elementor-image-box-wrapper\"><div class=\"elementor-image-box-content\"><h3 class=\"elementor-image-box-title\">10 J\u00f3venes por Condado<\/h3><p class=\"elementor-image-box-description\">Chispa Arizona seleccionar\u00e1 10 Semillas en cada Condado, Maricopa, Pima y Yuma.<\/p><\/div><\/div>\t\t\t\t<\/div>\n\t\t\t\t<\/div>\n\t\t\t\t<div class=\"elementor-element elementor-element-a11c1d1 elementor-widget elementor-widget-image-box\" data-id=\"a11c1d1\" data-element_type=\"widget\" data-e-type=\"widget\" data-widget_type=\"image-box.default\">\n\t\t\t\t<div class=\"elementor-widget-container\">\n\t\t\t\t\t<div class=\"elementor-image-box-wrapper\"><div class=\"elementor-image-box-content\"><h3 class=\"elementor-image-box-title\">Plazo de solicitud<\/h3><p class=\"elementor-image-box-description\">Los j\u00f3venes interesados deben presentar su solicitud antes del 8 de mayo.<\/p><\/div><\/div>\t\t\t\t<\/div>\n\t\t\t\t<\/div>\n\t\t\t\t\t<\/div>\n\t\t\t\t<\/div>\n\t\t\t\t<div class=\"elementor-element elementor-element-2723fcb elementor-align-center elementor-mobile-align-justify elementor-widget__width-inherit elementor-widget elementor-widget-button\" data-id=\"2723fcb\" data-element_type=\"widget\" data-e-type=\"widget\" data-widget_type=\"button.default\">\n\t\t\t\t<div class=\"elementor-widget-container\">\n\t\t\t\t\t\t\t\t\t<div class=\"elementor-button-wrapper\">\n\t\t\t\t\t<a class=\"elementor-button elementor-button-link elementor-size-sm\" href=\"https:\/\/secure.everyaction.com\/DQOptT0fDkGxRP0CwNfwOA2\" target=\"_blank\" rel=\"nofollow noopener\">\n\t\t\t\t\t\t<span class=\"elementor-button-content-wrapper\">\n\t\t\t\t\t\t\t\t\t<span class=\"elementor-button-text\">APLICA HOY<\/span>\n\t\t\t\t\t<\/span>\n\t\t\t\t\t<\/a>\n\t\t\t\t<\/div>\n\t\t\t\t\t\t\t\t<\/div>\n\t\t\t\t<\/div>\n\t\t\t\t\t<\/div>\n\t\t\t\t<\/div>\n\t\t\t\t\t<\/div>\n\t\t\t\t<\/div>\n\t\t\t\t<\/div>\n\t\t","protected":false},"excerpt":{"rendered":"<p>\u00daNETE A NUESTRO PROGRAMA JUVENIL PLANTANDO SEMILLAS INSCR\u00cdBETE HOY MISMO Plantando Semillas de Chispa Arizona es un programa de compromiso c\u00edvico de verano para j\u00f3venes de los condados de Maricopa, Pima y Yuma. Nos centramos en capacitar, orientar y proporcionar oportunidades de participaci\u00f3n c\u00edvica para ayudar a los j\u00f3venes a convertirse en l\u00edderes clim\u00e1ticos y [&hellip;]<\/p>\n","protected":false},"author":14,"featured_media":0,"parent":0,"menu_order":0,"comment_status":"closed","ping_status":"closed","template":"elementor_header_footer","meta":{"_acf_changed":false,"_monsterinsights_skip_tracking":false,"_monsterinsights_sitenote_active":false,"_monsterinsights_sitenote_note":"","_monsterinsights_sitenote_category":0,"footnotes":""},"class_list":["post-4959","page","type-page","status-publish","hentry"],"acf":[],"_links":{"self":[{"href":"https:\/\/chispaaz.org\/es\/wp-json\/wp\/v2\/pages\/4959","targetHints":{"allow":["GET"]}}],"collection":[{"href":"https:\/\/chispaaz.org\/es\/wp-json\/wp\/v2\/pages"}],"about":[{"href":"https:\/\/chispaaz.org\/es\/wp-json\/wp\/v2\/types\/page"}],"author":[{"embeddable":true,"href":"https:\/\/chispaaz.org\/es\/wp-json\/wp\/v2\/users\/14"}],"replies":[{"embeddable":true,"href":"https:\/\/chispaaz.org\/es\/wp-json\/wp\/v2\/comments?post=4959"}],"version-history":[{"count":9,"href":"https:\/\/chispaaz.org\/es\/wp-json\/wp\/v2\/pages\/4959\/revisions"}],"predecessor-version":[{"id":6059,"href":"https:\/\/chispaaz.org\/es\/wp-json\/wp\/v2\/pages\/4959\/revisions\/6059"}],"wp:attachment":[{"href":"https:\/\/chispaaz.org\/es\/wp-json\/wp\/v2\/media?parent=4959"}],"curies":[{"name":"wp","href":"https:\/\/api.w.org\/{rel}","templated":true}]}}