{"id":4913,"date":"2024-05-15T03:28:49","date_gmt":"2024-05-15T03:28:49","guid":{"rendered":"https:\/\/chispaaz.org\/campana\/"},"modified":"2025-11-04T20:57:57","modified_gmt":"2025-11-04T20:57:57","slug":"campana","status":"publish","type":"page","link":"https:\/\/chispaaz.org\/es\/campana\/","title":{"rendered":"Campa\u00f1as"},"content":{"rendered":"\t\t<div data-elementor-type=\"wp-page\" data-elementor-id=\"4913\" class=\"elementor elementor-4913 elementor-2972\" data-elementor-post-type=\"page\">\n\t\t\t\t<div class=\"elementor-element elementor-element-38130ea e-flex e-con-boxed e-con e-parent\" data-id=\"38130ea\" data-element_type=\"container\" data-e-type=\"container\" data-settings=\"{&quot;background_background&quot;:&quot;classic&quot;}\">\n\t\t\t\t\t<div class=\"e-con-inner\">\n\t\t<div class=\"elementor-element elementor-element-153f61b e-flex e-con-boxed e-con e-child\" data-id=\"153f61b\" data-element_type=\"container\" data-e-type=\"container\">\n\t\t\t\t\t<div class=\"e-con-inner\">\n\t\t\t\t<div class=\"elementor-element elementor-element-aebbf10 elementor-widget elementor-widget-heading\" data-id=\"aebbf10\" data-element_type=\"widget\" data-e-type=\"widget\" data-widget_type=\"heading.default\">\n\t\t\t\t<div class=\"elementor-widget-container\">\n\t\t\t\t\t<h1 class=\"elementor-heading-title elementor-size-default\">HACEMOS CAMPA\u00d1A PARA QUE NUESTRAS COMUNIDADES PROSPEREN<\/h1>\t\t\t\t<\/div>\n\t\t\t\t<\/div>\n\t\t<div class=\"elementor-element elementor-element-daa506c e-flex e-con-boxed e-con e-child\" data-id=\"daa506c\" data-element_type=\"container\" data-e-type=\"container\">\n\t\t\t\t\t<div class=\"e-con-inner\">\n\t\t\t\t<div class=\"elementor-element elementor-element-fa63911 elementor-widget elementor-widget-text-editor\" data-id=\"fa63911\" data-element_type=\"widget\" data-e-type=\"widget\" data-widget_type=\"text-editor.default\">\n\t\t\t\t<div class=\"elementor-widget-container\">\n\t\t\t\t\t\t\t\t\t<p>Nuestras campa\u00f1as unen a las personas para influir en los creadores de pol\u00edticas y presionar a los contaminadores para que protejan los derechos de las comunidades a un aire y un agua limpios, vecindarios sanos y un clima seguro para las generaciones futuras.<\/p>\n\t\t\t\t\t\t\t\t<\/div>\n\t\t\t\t<\/div>\n\t\t\t\t\t<\/div>\n\t\t\t\t<\/div>\n\t\t\t\t\t<\/div>\n\t\t\t\t<\/div>\n\t\t\t\t<div class=\"elementor-element elementor-element-212ac20 elementor-widget elementor-widget-spacer\" data-id=\"212ac20\" data-element_type=\"widget\" data-e-type=\"widget\" data-widget_type=\"spacer.default\">\n\t\t\t\t<div class=\"elementor-widget-container\">\n\t\t\t\t\t\t\t<div class=\"elementor-spacer\">\n\t\t\t<div class=\"elementor-spacer-inner\"><\/div>\n\t\t<\/div>\n\t\t\t\t\t\t<\/div>\n\t\t\t\t<\/div>\n\t\t\t\t\t<\/div>\n\t\t\t\t<\/div>\n\t\t<div class=\"elementor-element elementor-element-e3d9750 e-flex e-con-boxed e-con e-parent\" data-id=\"e3d9750\" data-element_type=\"container\" data-e-type=\"container\" data-settings=\"{&quot;background_background&quot;:&quot;classic&quot;}\">\n\t\t\t\t\t<div class=\"e-con-inner\">\n\t\t<div class=\"elementor-element elementor-element-ba52f1d e-con-full e-flex e-con e-child\" data-id=\"ba52f1d\" data-element_type=\"container\" data-e-type=\"container\">\n\t\t\t\t<div class=\"elementor-element elementor-element-71f998b elementor-widget elementor-widget-image\" data-id=\"71f998b\" data-element_type=\"widget\" data-e-type=\"widget\" data-widget_type=\"image.default\">\n\t\t\t\t<div class=\"elementor-widget-container\">\n\t\t\t\t\t\t\t\t\t\t\t\t\t\t\t<img fetchpriority=\"high\" decoding=\"async\" width=\"528\" height=\"561\" src=\"https:\/\/chispaaz.org\/wp-content\/uploads\/2024\/05\/Julian-Zepeda-11.png\" class=\"attachment-full size-full wp-image-3144\" alt=\"\" srcset=\"https:\/\/chispaaz.org\/wp-content\/uploads\/2024\/05\/Julian-Zepeda-11.png 528w, https:\/\/chispaaz.org\/wp-content\/uploads\/2024\/05\/Julian-Zepeda-11-282x300.png 282w\" sizes=\"(max-width: 528px) 100vw, 528px\" \/>\t\t\t\t\t\t\t\t\t\t\t\t\t\t\t<\/div>\n\t\t\t\t<\/div>\n\t\t\t\t<\/div>\n\t\t<div class=\"elementor-element elementor-element-83bc299 e-flex e-con-boxed e-con e-child\" data-id=\"83bc299\" data-element_type=\"container\" data-e-type=\"container\">\n\t\t\t\t\t<div class=\"e-con-inner\">\n\t\t\t\t<div class=\"elementor-element elementor-element-81154d9 elementor-widget elementor-widget-heading\" data-id=\"81154d9\" data-element_type=\"widget\" data-e-type=\"widget\" data-widget_type=\"heading.default\">\n\t\t\t\t<div class=\"elementor-widget-container\">\n\t\t\t\t\t<h2 class=\"elementor-heading-title elementor-size-default\">CAMPA\u00d1A LIMPIA Y VERDE<\/h2>\t\t\t\t<\/div>\n\t\t\t\t<\/div>\n\t\t\t\t<div class=\"elementor-element elementor-element-6fb1522 elementor-widget elementor-widget-text-editor\" data-id=\"6fb1522\" data-element_type=\"widget\" data-e-type=\"widget\" data-widget_type=\"text-editor.default\">\n\t\t\t\t<div class=\"elementor-widget-container\">\n\t\t\t\t\t\t\t\t\t<p>La Campa\u00f1a Limpia y Verde es una iniciativa a largo plazo a trav\u00e9s de la cual trabajamos con l\u00edderes regionales, organizaciones comunitarias y residentes locales para priorizar inversiones en transporte p\u00fablico gratuito y el\u00e9ctrico, infraestructura, espacios verdes urbanos y calles completas.<\/p>\n<p>Al invertir en transporte p\u00fablico gratuito y el\u00e9ctrico, e infraestructura, podemos mejorar nuestra calidad del aire al reducir las emisiones de veh\u00edculos. Al invertir en espacios verdes urbanos, corredores frescos y calles completas, mitigamos el efecto isla de calor urbano y proporcionaremos m\u00e1s equidad y opciones de tr\u00e1nsporte para nuestras comunidades m\u00e1s afectadas.<\/p>\n\t\t\t\t\t\t\t\t<\/div>\n\t\t\t\t<\/div>\n\t\t\t\t<div class=\"elementor-element elementor-element-78bd115 elementor-align-left elementor-mobile-align-justify elementor-widget-mobile__width-inherit elementor-widget elementor-widget-button\" data-id=\"78bd115\" data-element_type=\"widget\" data-e-type=\"widget\" data-widget_type=\"button.default\">\n\t\t\t\t<div class=\"elementor-widget-container\">\n\t\t\t\t\t\t\t\t\t<div class=\"elementor-button-wrapper\">\n\t\t\t\t\t<a class=\"elementor-button elementor-button-link elementor-size-sm\" href=\"https:\/\/chispaaz.org\/es\/limpiayverde\/\">\n\t\t\t\t\t\t<span class=\"elementor-button-content-wrapper\">\n\t\t\t\t\t\t\t\t\t<span class=\"elementor-button-text\">M\u00c1S INFORMACI\u00d3N<\/span>\n\t\t\t\t\t<\/span>\n\t\t\t\t\t<\/a>\n\t\t\t\t<\/div>\n\t\t\t\t\t\t\t\t<\/div>\n\t\t\t\t<\/div>\n\t\t\t\t\t<\/div>\n\t\t\t\t<\/div>\n\t\t\t\t\t<\/div>\n\t\t\t\t<\/div>\n\t\t<div class=\"elementor-element elementor-element-d996d78 e-flex e-con-boxed e-con e-parent\" data-id=\"d996d78\" data-element_type=\"container\" data-e-type=\"container\" data-settings=\"{&quot;background_background&quot;:&quot;classic&quot;}\">\n\t\t\t\t\t<div class=\"e-con-inner\">\n\t\t<div class=\"elementor-element elementor-element-9e98394 e-con-full e-flex e-con e-child\" data-id=\"9e98394\" data-element_type=\"container\" data-e-type=\"container\">\n\t\t\t\t<div class=\"elementor-element elementor-element-bbd4449 elementor-widget elementor-widget-heading\" data-id=\"bbd4449\" data-element_type=\"widget\" data-e-type=\"widget\" data-widget_type=\"heading.default\">\n\t\t\t\t<div class=\"elementor-widget-container\">\n\t\t\t\t\t<h3 class=\"elementor-heading-title elementor-size-default\">VOTANDO Y PLANTANDO<\/h3>\t\t\t\t<\/div>\n\t\t\t\t<\/div>\n\t\t\t\t<div class=\"elementor-element elementor-element-7f03448 elementor-widget elementor-widget-text-editor\" data-id=\"7f03448\" data-element_type=\"widget\" data-e-type=\"widget\" data-widget_type=\"text-editor.default\">\n\t\t\t\t<div class=\"elementor-widget-container\">\n\t\t\t\t\t\t\t\t\t<p>A trav\u00e9s de nuestra campa\u00f1a Votando y Plantando, registramos a votantes hist\u00f3ricamente poco representados en el proceso pol\u00edtico, abriendo el camino a un electorado m\u00e1s amplio que refleje mejor nuestros valores y nuestras comunidades.<\/p>\n<p>Tambi\u00e9n plantamos semillas para nuestro futuro a trav\u00e9s de nuestro programa juvenil de verano \u00abPlantando Semillas\u00bb, que capacita, orienta y ofrece oportunidades de compromiso c\u00edvico para ayudar a los j\u00f3venes a convertirse en l\u00edderes clim\u00e1ticos y defensores del cambio que quieren ver en su planeta.<\/p>\n\t\t\t\t\t\t\t\t<\/div>\n\t\t\t\t<\/div>\n\t\t\t\t<div class=\"elementor-element elementor-element-61bedfb elementor-align-left elementor-mobile-align-justify elementor-widget__width-inherit elementor-widget-mobile__width-inherit elementor-widget elementor-widget-button\" data-id=\"61bedfb\" data-element_type=\"widget\" data-e-type=\"widget\" data-widget_type=\"button.default\">\n\t\t\t\t<div class=\"elementor-widget-container\">\n\t\t\t\t\t\t\t\t\t<div class=\"elementor-button-wrapper\">\n\t\t\t\t\t<a class=\"elementor-button elementor-button-link elementor-size-sm\" href=\"https:\/\/chispaaz.org\/es\/campana\/comprometete-a-votar\/\">\n\t\t\t\t\t\t<span class=\"elementor-button-content-wrapper\">\n\t\t\t\t\t\t\t\t\t<span class=\"elementor-button-text\">M\u00c1S INFORMACI\u00d3N<\/span>\n\t\t\t\t\t<\/span>\n\t\t\t\t\t<\/a>\n\t\t\t\t<\/div>\n\t\t\t\t\t\t\t\t<\/div>\n\t\t\t\t<\/div>\n\t\t\t\t<\/div>\n\t\t<div class=\"elementor-element elementor-element-34f9523 e-con-full e-flex e-con e-child\" data-id=\"34f9523\" data-element_type=\"container\" data-e-type=\"container\">\n\t\t\t\t<div class=\"elementor-element elementor-element-9e34758 elementor-widget elementor-widget-image\" data-id=\"9e34758\" data-element_type=\"widget\" data-e-type=\"widget\" data-widget_type=\"image.default\">\n\t\t\t\t<div class=\"elementor-widget-container\">\n\t\t\t\t\t\t\t\t\t\t\t\t\t\t\t<img decoding=\"async\" width=\"528\" height=\"561\" src=\"https:\/\/chispaaz.org\/wp-content\/uploads\/2024\/05\/Image-161.png\" class=\"attachment-full size-full wp-image-3159\" alt=\"\" srcset=\"https:\/\/chispaaz.org\/wp-content\/uploads\/2024\/05\/Image-161.png 528w, https:\/\/chispaaz.org\/wp-content\/uploads\/2024\/05\/Image-161-282x300.png 282w\" sizes=\"(max-width: 528px) 100vw, 528px\" \/>\t\t\t\t\t\t\t\t\t\t\t\t\t\t\t<\/div>\n\t\t\t\t<\/div>\n\t\t\t\t<\/div>\n\t\t\t\t\t<\/div>\n\t\t\t\t<\/div>\n\t\t<div class=\"elementor-element elementor-element-fcda88e e-flex e-con-boxed e-con e-parent\" data-id=\"fcda88e\" data-element_type=\"container\" data-e-type=\"container\" data-settings=\"{&quot;background_background&quot;:&quot;classic&quot;}\">\n\t\t\t\t\t<div class=\"e-con-inner\">\n\t\t<div class=\"elementor-element elementor-element-d29d5a4 e-con-full e-flex e-con e-child\" data-id=\"d29d5a4\" data-element_type=\"container\" data-e-type=\"container\">\n\t\t\t\t<div class=\"elementor-element elementor-element-43c51d1 elementor-widget elementor-widget-image\" data-id=\"43c51d1\" data-element_type=\"widget\" data-e-type=\"widget\" data-widget_type=\"image.default\">\n\t\t\t\t<div class=\"elementor-widget-container\">\n\t\t\t\t\t\t\t\t\t\t\t\t\t\t\t<img decoding=\"async\" width=\"528\" height=\"561\" src=\"https:\/\/chispaaz.org\/wp-content\/uploads\/2024\/05\/ACC-Landing-Page-Photo-11.jpg\" class=\"attachment-large size-large wp-image-3157\" alt=\"\" srcset=\"https:\/\/chispaaz.org\/wp-content\/uploads\/2024\/05\/ACC-Landing-Page-Photo-11.jpg 528w, https:\/\/chispaaz.org\/wp-content\/uploads\/2024\/05\/ACC-Landing-Page-Photo-11-282x300.jpg 282w\" sizes=\"(max-width: 528px) 100vw, 528px\" \/>\t\t\t\t\t\t\t\t\t\t\t\t\t\t\t<\/div>\n\t\t\t\t<\/div>\n\t\t\t\t<\/div>\n\t\t<div class=\"elementor-element elementor-element-586f466 e-flex e-con-boxed e-con e-child\" data-id=\"586f466\" data-element_type=\"container\" data-e-type=\"container\">\n\t\t\t\t\t<div class=\"e-con-inner\">\n\t\t\t\t<div class=\"elementor-element elementor-element-9c56d4b elementor-widget elementor-widget-heading\" data-id=\"9c56d4b\" data-element_type=\"widget\" data-e-type=\"widget\" data-widget_type=\"heading.default\">\n\t\t\t\t<div class=\"elementor-widget-container\">\n\t\t\t\t\t<h3 class=\"elementor-heading-title elementor-size-default\">HACER RESPONSABLE A LA COMISI\u00d3N DE CORPORACIONES DE ARIZONA.<\/h3>\t\t\t\t<\/div>\n\t\t\t\t<\/div>\n\t\t\t\t<div class=\"elementor-element elementor-element-7244b89 elementor-widget elementor-widget-text-editor\" data-id=\"7244b89\" data-element_type=\"widget\" data-e-type=\"widget\" data-widget_type=\"text-editor.default\">\n\t\t\t\t<div class=\"elementor-widget-container\">\n\t\t\t\t\t\t\t\t\t<p>La Comisi\u00f3n de Corporaciones de Arizona (ACC) es la entidad encargada de regular las empresas de servicios p\u00fablicos como APS, TEP y Southwest Gas. La ACC tiene el poder de mantener bajos los costos de electricidad y exigir a las empresas de servicios p\u00fablicos que hagan la transici\u00f3n hacia energ\u00eda renovable limpia.<\/p>\n\t\t\t\t\t\t\t\t<\/div>\n\t\t\t\t<\/div>\n\t\t\t\t<div class=\"elementor-element elementor-element-7e76178 elementor-align-left elementor-mobile-align-justify elementor-widget-mobile__width-inherit elementor-widget elementor-widget-button\" data-id=\"7e76178\" data-element_type=\"widget\" data-e-type=\"widget\" data-widget_type=\"button.default\">\n\t\t\t\t<div class=\"elementor-widget-container\">\n\t\t\t\t\t\t\t\t\t<div class=\"elementor-button-wrapper\">\n\t\t\t\t\t<a class=\"elementor-button elementor-button-link elementor-size-sm\" href=\"https:\/\/chispaaz.org\/es\/acc-accountability\/\">\n\t\t\t\t\t\t<span class=\"elementor-button-content-wrapper\">\n\t\t\t\t\t\t\t\t\t<span class=\"elementor-button-text\">M\u00c1S INFORMACI\u00d3N<\/span>\n\t\t\t\t\t<\/span>\n\t\t\t\t\t<\/a>\n\t\t\t\t<\/div>\n\t\t\t\t\t\t\t\t<\/div>\n\t\t\t\t<\/div>\n\t\t\t\t\t<\/div>\n\t\t\t\t<\/div>\n\t\t\t\t\t<\/div>\n\t\t\t\t<\/div>\n\t\t\t\t<\/div>\n\t\t","protected":false},"excerpt":{"rendered":"<p>HACEMOS CAMPA\u00d1A PARA QUE NUESTRAS COMUNIDADES PROSPEREN Nuestras campa\u00f1as unen a las personas para influir en los creadores de pol\u00edticas y presionar a los contaminadores para que protejan los derechos de las comunidades a un aire y un agua limpios, vecindarios sanos y un clima seguro para las generaciones futuras. CAMPA\u00d1A LIMPIA Y VERDE La [&hellip;]<\/p>\n","protected":false},"author":14,"featured_media":0,"parent":0,"menu_order":0,"comment_status":"closed","ping_status":"closed","template":"elementor_header_footer","meta":{"_acf_changed":false,"_monsterinsights_skip_tracking":false,"_monsterinsights_sitenote_active":false,"_monsterinsights_sitenote_note":"","_monsterinsights_sitenote_category":0,"footnotes":""},"class_list":["post-4913","page","type-page","status-publish","hentry"],"acf":[],"_links":{"self":[{"href":"https:\/\/chispaaz.org\/es\/wp-json\/wp\/v2\/pages\/4913","targetHints":{"allow":["GET"]}}],"collection":[{"href":"https:\/\/chispaaz.org\/es\/wp-json\/wp\/v2\/pages"}],"about":[{"href":"https:\/\/chispaaz.org\/es\/wp-json\/wp\/v2\/types\/page"}],"author":[{"embeddable":true,"href":"https:\/\/chispaaz.org\/es\/wp-json\/wp\/v2\/users\/14"}],"replies":[{"embeddable":true,"href":"https:\/\/chispaaz.org\/es\/wp-json\/wp\/v2\/comments?post=4913"}],"version-history":[{"count":9,"href":"https:\/\/chispaaz.org\/es\/wp-json\/wp\/v2\/pages\/4913\/revisions"}],"predecessor-version":[{"id":5996,"href":"https:\/\/chispaaz.org\/es\/wp-json\/wp\/v2\/pages\/4913\/revisions\/5996"}],"wp:attachment":[{"href":"https:\/\/chispaaz.org\/es\/wp-json\/wp\/v2\/media?parent=4913"}],"curies":[{"name":"wp","href":"https:\/\/api.w.org\/{rel}","templated":true}]}}