{"id":4911,"date":"2019-03-01T21:33:36","date_gmt":"2019-03-01T21:33:36","guid":{"rendered":"https:\/\/chispaaz.org\/temas\/"},"modified":"2024-08-01T17:56:06","modified_gmt":"2024-08-01T17:56:06","slug":"temas","status":"publish","type":"page","link":"https:\/\/chispaaz.org\/es\/temas\/","title":{"rendered":"Temas"},"content":{"rendered":"\t\t<div data-elementor-type=\"wp-page\" data-elementor-id=\"4911\" class=\"elementor elementor-4911 elementor-78\" data-elementor-post-type=\"page\">\n\t\t\t\t<div class=\"elementor-element elementor-element-0e8f904 e-flex e-con-boxed e-con e-parent\" data-id=\"0e8f904\" data-element_type=\"container\" data-e-type=\"container\" data-settings=\"{&quot;background_background&quot;:&quot;classic&quot;}\">\n\t\t\t\t\t<div class=\"e-con-inner\">\n\t\t<div class=\"elementor-element elementor-element-e1db37f e-flex e-con-boxed e-con e-child\" data-id=\"e1db37f\" data-element_type=\"container\" data-e-type=\"container\">\n\t\t\t\t\t<div class=\"e-con-inner\">\n\t\t\t\t<div class=\"elementor-element elementor-element-5401b77 elementor-widget elementor-widget-heading\" data-id=\"5401b77\" data-element_type=\"widget\" data-e-type=\"widget\" data-widget_type=\"heading.default\">\n\t\t\t\t<div class=\"elementor-widget-container\">\n\t\t\t\t\t<h1 class=\"elementor-heading-title elementor-size-default\">PRIORIZANDO A LAS COMUNIDADES M\u00c1S AFECTADAS DE ARIZONA<\/h1>\t\t\t\t<\/div>\n\t\t\t\t<\/div>\n\t\t<div class=\"elementor-element elementor-element-87ab9c6 e-flex e-con-boxed e-con e-child\" data-id=\"87ab9c6\" data-element_type=\"container\" data-e-type=\"container\">\n\t\t\t\t\t<div class=\"e-con-inner\">\n\t\t\t\t<div class=\"elementor-element elementor-element-111fe98 elementor-widget elementor-widget-text-editor\" data-id=\"111fe98\" data-element_type=\"widget\" data-e-type=\"widget\" data-widget_type=\"text-editor.default\">\n\t\t\t\t<div class=\"elementor-widget-container\">\n\t\t\t\t\t\t\t\t\t<p>Centramos nuestra atenci\u00f3n en aquellas personas m\u00e1s afectadas por los desaf\u00edos ambientales y adoptamos sus soluciones para un futuro m\u00e1s limpio.<\/p>\n\t\t\t\t\t\t\t\t<\/div>\n\t\t\t\t<\/div>\n\t\t\t\t\t<\/div>\n\t\t\t\t<\/div>\n\t\t\t\t\t<\/div>\n\t\t\t\t<\/div>\n\t\t\t\t<div class=\"elementor-element elementor-element-16ef810 elementor-widget elementor-widget-spacer\" data-id=\"16ef810\" data-element_type=\"widget\" data-e-type=\"widget\" data-widget_type=\"spacer.default\">\n\t\t\t\t<div class=\"elementor-widget-container\">\n\t\t\t\t\t\t\t<div class=\"elementor-spacer\">\n\t\t\t<div class=\"elementor-spacer-inner\"><\/div>\n\t\t<\/div>\n\t\t\t\t\t\t<\/div>\n\t\t\t\t<\/div>\n\t\t\t\t\t<\/div>\n\t\t\t\t<\/div>\n\t\t<div class=\"elementor-element elementor-element-db2f99c e-flex e-con-boxed e-con e-parent\" data-id=\"db2f99c\" data-element_type=\"container\" data-e-type=\"container\" data-settings=\"{&quot;background_background&quot;:&quot;classic&quot;}\">\n\t\t\t\t\t<div class=\"e-con-inner\">\n\t\t\t\t<div class=\"elementor-element elementor-element-0fb1fdd elementor-widget elementor-widget-text-editor\" data-id=\"0fb1fdd\" data-element_type=\"widget\" data-e-type=\"widget\" data-widget_type=\"text-editor.default\">\n\t\t\t\t<div class=\"elementor-widget-container\">\n\t\t\t\t\t\t\t\t\t<p>En Chispa Arizona queremos que nuestra gente prospere. Identificamos problemas locales que mejoran de forma tangible la vida de las personas, dan a las comunidades un sentido de su poder intr\u00ednseco y fomentan la participaci\u00f3n y el liderazgo.<\/p>\n<p>Honramos nuestra conexi\u00f3n con nuestra Madre Tierra y entre nosotros a trav\u00e9s de actividades comunitarias al aire libre que nos conectan con los problemas.<\/p>\n\t\t\t\t\t\t\t\t<\/div>\n\t\t\t\t<\/div>\n\t\t\t\t\t<\/div>\n\t\t\t\t<\/div>\n\t\t<div class=\"elementor-element elementor-element-a8db3c6 e-flex e-con-boxed e-con e-parent\" data-id=\"a8db3c6\" data-element_type=\"container\" data-e-type=\"container\" data-settings=\"{&quot;background_background&quot;:&quot;classic&quot;}\">\n\t\t\t\t\t<div class=\"e-con-inner\">\n\t\t<div class=\"elementor-element elementor-element-614319f e-flex e-con-boxed e-con e-child\" data-id=\"614319f\" data-element_type=\"container\" data-e-type=\"container\">\n\t\t\t\t\t<div class=\"e-con-inner\">\n\t\t\t\t<div class=\"elementor-element elementor-element-0ce7536 elementor-widget elementor-widget-image\" data-id=\"0ce7536\" data-element_type=\"widget\" data-e-type=\"widget\" data-widget_type=\"image.default\">\n\t\t\t\t<div class=\"elementor-widget-container\">\n\t\t\t\t\t\t\t\t\t\t\t\t\t\t\t<img fetchpriority=\"high\" decoding=\"async\" width=\"528\" height=\"561\" src=\"https:\/\/chispaaz.org\/wp-content\/uploads\/2024\/05\/Image-151.png\" class=\"attachment-full size-full wp-image-5073\" alt=\"\" srcset=\"https:\/\/chispaaz.org\/wp-content\/uploads\/2024\/05\/Image-151.png 528w, https:\/\/chispaaz.org\/wp-content\/uploads\/2024\/05\/Image-151-282x300.png 282w\" sizes=\"(max-width: 528px) 100vw, 528px\" \/>\t\t\t\t\t\t\t\t\t\t\t\t\t\t\t<\/div>\n\t\t\t\t<\/div>\n\t\t\t\t\t<\/div>\n\t\t\t\t<\/div>\n\t\t<div class=\"elementor-element elementor-element-5c8e629 e-flex e-con-boxed e-con e-child\" data-id=\"5c8e629\" data-element_type=\"container\" data-e-type=\"container\">\n\t\t\t\t\t<div class=\"e-con-inner\">\n\t\t\t\t<div class=\"elementor-element elementor-element-653ed5a elementor-widget elementor-widget-spacer\" data-id=\"653ed5a\" data-element_type=\"widget\" data-e-type=\"widget\" data-widget_type=\"spacer.default\">\n\t\t\t\t<div class=\"elementor-widget-container\">\n\t\t\t\t\t\t\t<div class=\"elementor-spacer\">\n\t\t\t<div class=\"elementor-spacer-inner\"><\/div>\n\t\t<\/div>\n\t\t\t\t\t\t<\/div>\n\t\t\t\t<\/div>\n\t\t\t\t<div class=\"elementor-element elementor-element-c7f412b elementor-widget elementor-widget-heading\" data-id=\"c7f412b\" data-element_type=\"widget\" data-e-type=\"widget\" data-widget_type=\"heading.default\">\n\t\t\t\t<div class=\"elementor-widget-container\">\n\t\t\t\t\t<h2 class=\"elementor-heading-title elementor-size-default\">\u00a1DEBEMOS PROTEGER Y PRESERVAR LAS TIERRAS P\u00daBLICAS!<\/h2>\t\t\t\t<\/div>\n\t\t\t\t<\/div>\n\t\t\t\t<div class=\"elementor-element elementor-element-d3c17f0 elementor-widget elementor-widget-text-editor\" data-id=\"d3c17f0\" data-element_type=\"widget\" data-e-type=\"widget\" data-widget_type=\"text-editor.default\">\n\t\t\t\t<div class=\"elementor-widget-container\">\n\t\t\t\t\t\t\t\t\t<p>Pedimos:<\/p>\n<ul>\n<li>Apoyar a nuestros parientes ind\u00edgenas que han estado pidiendo la protecci\u00f3n de tierras sagradas como La Gran Curva del R\u00edo Gila y el Gran Ca\u00f1\u00f3n.<\/li>\n<li>Financiamiento completo del Fondo del Patrimonio con $10 millones cada a\u00f1o, seg\u00fan lo decidido por los votantes de Arizona.<\/li>\n<li>Parques y espacios abiertos inclusivos y accesibles.<\/li>\n<\/ul>\n\t\t\t\t\t\t\t\t<\/div>\n\t\t\t\t<\/div>\n\t\t<div class=\"elementor-element elementor-element-7ae76a2 issue-button-box e-flex e-con-boxed e-con e-child\" data-id=\"7ae76a2\" data-element_type=\"container\" data-e-type=\"container\">\n\t\t\t\t\t<div class=\"e-con-inner\">\n\t\t\t\t<div class=\"elementor-element elementor-element-772ba40 elementor-align-right elementor-mobile-align-justify elementor-widget-mobile__width-inherit elementor-widget elementor-widget-button\" data-id=\"772ba40\" data-element_type=\"widget\" data-e-type=\"widget\" data-widget_type=\"button.default\">\n\t\t\t\t<div class=\"elementor-widget-container\">\n\t\t\t\t\t\t\t\t\t<div class=\"elementor-button-wrapper\">\n\t\t\t\t\t<a class=\"elementor-button elementor-button-link elementor-size-sm\" href=\"https:\/\/chispaaz.org\/es\/temas\/tierras-publicas\/\">\n\t\t\t\t\t\t<span class=\"elementor-button-content-wrapper\">\n\t\t\t\t\t\t\t\t\t<span class=\"elementor-button-text\">M\u00c1S INFORMACI\u00d3N<\/span>\n\t\t\t\t\t<\/span>\n\t\t\t\t\t<\/a>\n\t\t\t\t<\/div>\n\t\t\t\t\t\t\t\t<\/div>\n\t\t\t\t<\/div>\n\t\t\t\t<div class=\"elementor-element elementor-element-fd406cd elementor-align-justify elementor-widget-mobile__width-inherit elementor-widget elementor-widget-button\" data-id=\"fd406cd\" data-element_type=\"widget\" data-e-type=\"widget\" data-widget_type=\"button.default\">\n\t\t\t\t<div class=\"elementor-widget-container\">\n\t\t\t\t\t\t\t\t\t<div class=\"elementor-button-wrapper\">\n\t\t\t\t\t<a class=\"elementor-button elementor-button-link elementor-size-sm\" href=\"https:\/\/chispaaz.org\/es\/membresia\/\">\n\t\t\t\t\t\t<span class=\"elementor-button-content-wrapper\">\n\t\t\t\t\t\t\t\t\t<span class=\"elementor-button-text\">\u00daNETE A NOSOTROS<\/span>\n\t\t\t\t\t<\/span>\n\t\t\t\t\t<\/a>\n\t\t\t\t<\/div>\n\t\t\t\t\t\t\t\t<\/div>\n\t\t\t\t<\/div>\n\t\t\t\t\t<\/div>\n\t\t\t\t<\/div>\n\t\t\t\t\t<\/div>\n\t\t\t\t<\/div>\n\t\t\t\t\t<\/div>\n\t\t\t\t<\/div>\n\t\t<div class=\"elementor-element elementor-element-0e5a361 e-flex e-con-boxed e-con e-parent\" data-id=\"0e5a361\" data-element_type=\"container\" data-e-type=\"container\" data-settings=\"{&quot;background_background&quot;:&quot;classic&quot;}\">\n\t\t\t\t\t<div class=\"e-con-inner\">\n\t\t<div class=\"elementor-element elementor-element-01b3f06 e-con-full e-flex e-con e-child\" data-id=\"01b3f06\" data-element_type=\"container\" data-e-type=\"container\">\n\t\t\t\t<div class=\"elementor-element elementor-element-4cc8562 elementor-widget elementor-widget-spacer\" data-id=\"4cc8562\" data-element_type=\"widget\" data-e-type=\"widget\" data-widget_type=\"spacer.default\">\n\t\t\t\t<div class=\"elementor-widget-container\">\n\t\t\t\t\t\t\t<div class=\"elementor-spacer\">\n\t\t\t<div class=\"elementor-spacer-inner\"><\/div>\n\t\t<\/div>\n\t\t\t\t\t\t<\/div>\n\t\t\t\t<\/div>\n\t\t\t\t<div class=\"elementor-element elementor-element-a28c77c elementor-widget elementor-widget-heading\" data-id=\"a28c77c\" data-element_type=\"widget\" data-e-type=\"widget\" data-widget_type=\"heading.default\">\n\t\t\t\t<div class=\"elementor-widget-container\">\n\t\t\t\t\t<h2 class=\"elementor-heading-title elementor-size-default\">\u00a1NUESTRAS COMUNIDADES MERECEN AIRE LIMPIO!<\/h2>\t\t\t\t<\/div>\n\t\t\t\t<\/div>\n\t\t\t\t<div class=\"elementor-element elementor-element-68d2f8e elementor-widget elementor-widget-text-editor\" data-id=\"68d2f8e\" data-element_type=\"widget\" data-e-type=\"widget\" data-widget_type=\"text-editor.default\">\n\t\t\t\t<div class=\"elementor-widget-container\">\n\t\t\t\t\t\t\t\t\t<p>Pedimos:<\/p>\n<ul>\n<li>Responsabilidad y transparencia de las empresas de servicios p\u00fablicos en la Comisi\u00f3n de Corporaciones de Arizona (ACC por sus siglas en ingl\u00e9s).<\/li>\n<li>Inversiones en transporte p\u00fablico gratuito y el\u00e9ctrico.<\/li>\n<li>Inversiones significativas y justas en energ\u00eda limpia en nuestras comunidades.<\/li>\n<\/ul>\n\t\t\t\t\t\t\t\t<\/div>\n\t\t\t\t<\/div>\n\t\t<div class=\"elementor-element elementor-element-4fd9829 issue-button-box e-flex e-con-boxed e-con e-child\" data-id=\"4fd9829\" data-element_type=\"container\" data-e-type=\"container\">\n\t\t\t\t\t<div class=\"e-con-inner\">\n\t\t\t\t<div class=\"elementor-element elementor-element-69ecbeb elementor-align-right elementor-mobile-align-justify elementor-widget-mobile__width-inherit elementor-widget elementor-widget-button\" data-id=\"69ecbeb\" data-element_type=\"widget\" data-e-type=\"widget\" data-widget_type=\"button.default\">\n\t\t\t\t<div class=\"elementor-widget-container\">\n\t\t\t\t\t\t\t\t\t<div class=\"elementor-button-wrapper\">\n\t\t\t\t\t<a class=\"elementor-button elementor-button-link elementor-size-sm\" href=\"https:\/\/chispaaz.org\/es\/temas\/aire-limpio-y-energia\/\">\n\t\t\t\t\t\t<span class=\"elementor-button-content-wrapper\">\n\t\t\t\t\t\t\t\t\t<span class=\"elementor-button-text\">M\u00c1S INFORMACI\u00d3N<\/span>\n\t\t\t\t\t<\/span>\n\t\t\t\t\t<\/a>\n\t\t\t\t<\/div>\n\t\t\t\t\t\t\t\t<\/div>\n\t\t\t\t<\/div>\n\t\t\t\t<div class=\"elementor-element elementor-element-a480370 elementor-align-justify elementor-widget-mobile__width-inherit elementor-widget elementor-widget-button\" data-id=\"a480370\" data-element_type=\"widget\" data-e-type=\"widget\" data-widget_type=\"button.default\">\n\t\t\t\t<div class=\"elementor-widget-container\">\n\t\t\t\t\t\t\t\t\t<div class=\"elementor-button-wrapper\">\n\t\t\t\t\t<a class=\"elementor-button elementor-button-link elementor-size-sm\" href=\"https:\/\/chispaaz.org\/es\/membresia\/\">\n\t\t\t\t\t\t<span class=\"elementor-button-content-wrapper\">\n\t\t\t\t\t\t\t\t\t<span class=\"elementor-button-text\">\u00daNETE A NOSOTROS<\/span>\n\t\t\t\t\t<\/span>\n\t\t\t\t\t<\/a>\n\t\t\t\t<\/div>\n\t\t\t\t\t\t\t\t<\/div>\n\t\t\t\t<\/div>\n\t\t\t\t\t<\/div>\n\t\t\t\t<\/div>\n\t\t\t\t<\/div>\n\t\t<div class=\"elementor-element elementor-element-00511e2 e-con-full e-flex e-con e-child\" data-id=\"00511e2\" data-element_type=\"container\" data-e-type=\"container\">\n\t\t\t\t<div class=\"elementor-element elementor-element-e719fae elementor-widget elementor-widget-image\" data-id=\"e719fae\" data-element_type=\"widget\" data-e-type=\"widget\" data-widget_type=\"image.default\">\n\t\t\t\t<div class=\"elementor-widget-container\">\n\t\t\t\t\t\t\t\t\t\t\t\t\t\t\t<img decoding=\"async\" width=\"528\" height=\"561\" src=\"https:\/\/chispaaz.org\/wp-content\/uploads\/2024\/05\/667A1384-1-11.png\" class=\"attachment-full size-full wp-image-5074\" alt=\"\" srcset=\"https:\/\/chispaaz.org\/wp-content\/uploads\/2024\/05\/667A1384-1-11.png 528w, https:\/\/chispaaz.org\/wp-content\/uploads\/2024\/05\/667A1384-1-11-282x300.png 282w\" sizes=\"(max-width: 528px) 100vw, 528px\" \/>\t\t\t\t\t\t\t\t\t\t\t\t\t\t\t<\/div>\n\t\t\t\t<\/div>\n\t\t\t\t<\/div>\n\t\t\t\t\t<\/div>\n\t\t\t\t<\/div>\n\t\t<div class=\"elementor-element elementor-element-56ab56e e-flex e-con-boxed e-con e-parent\" data-id=\"56ab56e\" data-element_type=\"container\" data-e-type=\"container\" data-settings=\"{&quot;background_background&quot;:&quot;classic&quot;}\">\n\t\t\t\t\t<div class=\"e-con-inner\">\n\t\t<div class=\"elementor-element elementor-element-1906615 e-flex e-con-boxed e-con e-child\" data-id=\"1906615\" data-element_type=\"container\" data-e-type=\"container\">\n\t\t\t\t\t<div class=\"e-con-inner\">\n\t\t\t\t<div class=\"elementor-element elementor-element-38fb4d8 elementor-widget elementor-widget-image\" data-id=\"38fb4d8\" data-element_type=\"widget\" data-e-type=\"widget\" data-widget_type=\"image.default\">\n\t\t\t\t<div class=\"elementor-widget-container\">\n\t\t\t\t\t\t\t\t\t\t\t\t\t\t\t<img decoding=\"async\" width=\"528\" height=\"561\" src=\"https:\/\/chispaaz.org\/wp-content\/uploads\/2024\/05\/667A1384-1-1-11.png\" class=\"attachment-full size-full wp-image-5075\" alt=\"\" srcset=\"https:\/\/chispaaz.org\/wp-content\/uploads\/2024\/05\/667A1384-1-1-11.png 528w, https:\/\/chispaaz.org\/wp-content\/uploads\/2024\/05\/667A1384-1-1-11-282x300.png 282w\" sizes=\"(max-width: 528px) 100vw, 528px\" \/>\t\t\t\t\t\t\t\t\t\t\t\t\t\t\t<\/div>\n\t\t\t\t<\/div>\n\t\t\t\t\t<\/div>\n\t\t\t\t<\/div>\n\t\t<div class=\"elementor-element elementor-element-0574624 e-flex e-con-boxed e-con e-child\" data-id=\"0574624\" data-element_type=\"container\" data-e-type=\"container\">\n\t\t\t\t\t<div class=\"e-con-inner\">\n\t\t\t\t<div class=\"elementor-element elementor-element-515930f elementor-widget elementor-widget-spacer\" data-id=\"515930f\" data-element_type=\"widget\" data-e-type=\"widget\" data-widget_type=\"spacer.default\">\n\t\t\t\t<div class=\"elementor-widget-container\">\n\t\t\t\t\t\t\t<div class=\"elementor-spacer\">\n\t\t\t<div class=\"elementor-spacer-inner\"><\/div>\n\t\t<\/div>\n\t\t\t\t\t\t<\/div>\n\t\t\t\t<\/div>\n\t\t\t\t<div class=\"elementor-element elementor-element-1418ab3 elementor-widget elementor-widget-heading\" data-id=\"1418ab3\" data-element_type=\"widget\" data-e-type=\"widget\" data-widget_type=\"heading.default\">\n\t\t\t\t<div class=\"elementor-widget-container\">\n\t\t\t\t\t<h2 class=\"elementor-heading-title elementor-size-default\">\u00a1PROTEGEMOS NUESTRA DEMOCRACIA Y FORTALECEMOS EL PODER DE LA COMUNIDAD!<\/h2>\t\t\t\t<\/div>\n\t\t\t\t<\/div>\n\t\t\t\t<div class=\"elementor-element elementor-element-f7f62ac elementor-widget elementor-widget-text-editor\" data-id=\"f7f62ac\" data-element_type=\"widget\" data-e-type=\"widget\" data-widget_type=\"text-editor.default\">\n\t\t\t\t<div class=\"elementor-widget-container\">\n\t\t\t\t\t\t\t\t\t<p>Pedimos:<\/p>\n<ul>\n<li>Restablecer nuestra popular Lista Permanente de Votantes Anticipados.<\/li>\n<li>Eliminar las barreras arbitrarias al registro de votantes y a la votaci\u00f3n.<\/li>\n<li>Proteger el acceso a la boleta de los votantes con discapacidades y los que viven en tierras ind\u00edgenas.<\/li>\n<li>Prohibir que los grupos de presi\u00f3n corporativos hagan ciertos regalos a nuestros funcionarios electos.<\/li>\n<li>Garantizar que la Legislatura Estatal no pueda anular los resultados de las Elecciones Presidenciales.<\/li>\n<\/ul>\n\t\t\t\t\t\t\t\t<\/div>\n\t\t\t\t<\/div>\n\t\t<div class=\"elementor-element elementor-element-a607473 issue-button-box e-flex e-con-boxed e-con e-child\" data-id=\"a607473\" data-element_type=\"container\" data-e-type=\"container\">\n\t\t\t\t\t<div class=\"e-con-inner\">\n\t\t\t\t<div class=\"elementor-element elementor-element-ba5f6d8 elementor-align-right elementor-mobile-align-justify elementor-widget-mobile__width-inherit elementor-widget elementor-widget-button\" data-id=\"ba5f6d8\" data-element_type=\"widget\" data-e-type=\"widget\" data-widget_type=\"button.default\">\n\t\t\t\t<div class=\"elementor-widget-container\">\n\t\t\t\t\t\t\t\t\t<div class=\"elementor-button-wrapper\">\n\t\t\t\t\t<a class=\"elementor-button elementor-button-link elementor-size-sm\" href=\"https:\/\/chispaaz.org\/es\/temas\/democracia-y-poder-comunitario\/democracy-2\/\">\n\t\t\t\t\t\t<span class=\"elementor-button-content-wrapper\">\n\t\t\t\t\t\t\t\t\t<span class=\"elementor-button-text\">M\u00c1S INFORMACI\u00d3N<\/span>\n\t\t\t\t\t<\/span>\n\t\t\t\t\t<\/a>\n\t\t\t\t<\/div>\n\t\t\t\t\t\t\t\t<\/div>\n\t\t\t\t<\/div>\n\t\t\t\t<div class=\"elementor-element elementor-element-6127e6f elementor-align-justify elementor-mobile-align-justify elementor-widget-mobile__width-inherit elementor-widget elementor-widget-button\" data-id=\"6127e6f\" data-element_type=\"widget\" data-e-type=\"widget\" data-widget_type=\"button.default\">\n\t\t\t\t<div class=\"elementor-widget-container\">\n\t\t\t\t\t\t\t\t\t<div class=\"elementor-button-wrapper\">\n\t\t\t\t\t<a class=\"elementor-button elementor-button-link elementor-size-sm\" href=\"https:\/\/chispaaz.org\/es\/membresia\/\">\n\t\t\t\t\t\t<span class=\"elementor-button-content-wrapper\">\n\t\t\t\t\t\t\t\t\t<span class=\"elementor-button-text\">\u00daNETE A NOSOTROS<\/span>\n\t\t\t\t\t<\/span>\n\t\t\t\t\t<\/a>\n\t\t\t\t<\/div>\n\t\t\t\t\t\t\t\t<\/div>\n\t\t\t\t<\/div>\n\t\t\t\t\t<\/div>\n\t\t\t\t<\/div>\n\t\t\t\t\t<\/div>\n\t\t\t\t<\/div>\n\t\t\t\t\t<\/div>\n\t\t\t\t<\/div>\n\t\t\t\t<\/div>\n\t\t","protected":false},"excerpt":{"rendered":"<p>PRIORIZANDO A LAS COMUNIDADES M\u00c1S AFECTADAS DE ARIZONA Centramos nuestra atenci\u00f3n en aquellas personas m\u00e1s afectadas por los desaf\u00edos ambientales y adoptamos sus soluciones para un futuro m\u00e1s limpio. En Chispa Arizona queremos que nuestra gente prospere. Identificamos problemas locales que mejoran de forma tangible la vida de las personas, dan a las comunidades un [&hellip;]<\/p>\n","protected":false},"author":13,"featured_media":0,"parent":0,"menu_order":0,"comment_status":"closed","ping_status":"closed","template":"elementor_header_footer","meta":{"_acf_changed":false,"_monsterinsights_skip_tracking":false,"_monsterinsights_sitenote_active":false,"_monsterinsights_sitenote_note":"","_monsterinsights_sitenote_category":0,"footnotes":""},"class_list":["post-4911","page","type-page","status-publish","hentry"],"acf":[],"_links":{"self":[{"href":"https:\/\/chispaaz.org\/es\/wp-json\/wp\/v2\/pages\/4911","targetHints":{"allow":["GET"]}}],"collection":[{"href":"https:\/\/chispaaz.org\/es\/wp-json\/wp\/v2\/pages"}],"about":[{"href":"https:\/\/chispaaz.org\/es\/wp-json\/wp\/v2\/types\/page"}],"author":[{"embeddable":true,"href":"https:\/\/chispaaz.org\/es\/wp-json\/wp\/v2\/users\/13"}],"replies":[{"embeddable":true,"href":"https:\/\/chispaaz.org\/es\/wp-json\/wp\/v2\/comments?post=4911"}],"version-history":[{"count":2,"href":"https:\/\/chispaaz.org\/es\/wp-json\/wp\/v2\/pages\/4911\/revisions"}],"predecessor-version":[{"id":5740,"href":"https:\/\/chispaaz.org\/es\/wp-json\/wp\/v2\/pages\/4911\/revisions\/5740"}],"wp:attachment":[{"href":"https:\/\/chispaaz.org\/es\/wp-json\/wp\/v2\/media?parent=4911"}],"curies":[{"name":"wp","href":"https:\/\/api.w.org\/{rel}","templated":true}]}}