{"id":4861,"date":"2019-03-21T22:54:22","date_gmt":"2019-03-21T22:54:22","guid":{"rendered":"https:\/\/chispaaz.org\/democracia-y-poder-comunitario\/"},"modified":"2024-08-02T21:15:41","modified_gmt":"2024-08-02T21:15:41","slug":"democracia-y-poder-comunitario","status":"publish","type":"page","link":"https:\/\/chispaaz.org\/es\/temas\/democracia-y-poder-comunitario\/","title":{"rendered":"Democracia Y Poder Comunitario"},"content":{"rendered":"\t\t<div data-elementor-type=\"wp-page\" data-elementor-id=\"4861\" class=\"elementor elementor-4861 elementor-215\" data-elementor-post-type=\"page\">\n\t\t\t\t<div class=\"elementor-element elementor-element-240f847d e-flex e-con-boxed e-con e-parent\" data-id=\"240f847d\" data-element_type=\"container\" data-e-type=\"container\" data-settings=\"{&quot;background_background&quot;:&quot;classic&quot;}\">\n\t\t\t\t\t<div class=\"e-con-inner\">\n\t\t<div class=\"elementor-element elementor-element-4c4ff722 e-flex e-con-boxed e-con e-child\" data-id=\"4c4ff722\" data-element_type=\"container\" data-e-type=\"container\">\n\t\t\t\t\t<div class=\"e-con-inner\">\n\t\t\t\t<div class=\"elementor-element elementor-element-16cefdaf elementor-widget elementor-widget-heading\" data-id=\"16cefdaf\" data-element_type=\"widget\" data-e-type=\"widget\" data-widget_type=\"heading.default\">\n\t\t\t\t<div class=\"elementor-widget-container\">\n\t\t\t\t\t<h1 class=\"elementor-heading-title elementor-size-default\">DEMOCRACIA Y PODER COMUNITARIO<\/h1>\t\t\t\t<\/div>\n\t\t\t\t<\/div>\n\t\t<div class=\"elementor-element elementor-element-74d183fe e-flex e-con-boxed e-con e-child\" data-id=\"74d183fe\" data-element_type=\"container\" data-e-type=\"container\">\n\t\t\t\t\t<div class=\"e-con-inner\">\n\t\t\t\t<div class=\"elementor-element elementor-element-15f8e9c9 elementor-widget elementor-widget-text-editor\" data-id=\"15f8e9c9\" data-element_type=\"widget\" data-e-type=\"widget\" data-widget_type=\"text-editor.default\">\n\t\t\t\t<div class=\"elementor-widget-container\">\n\t\t\t\t\t\t\t\t\t<p>No podemos tener un medio ambiente sano sin una democracia sana.<\/p>\n\t\t\t\t\t\t\t\t<\/div>\n\t\t\t\t<\/div>\n\t\t\t\t\t<\/div>\n\t\t\t\t<\/div>\n\t\t\t\t\t<\/div>\n\t\t\t\t<\/div>\n\t\t\t\t<div class=\"elementor-element elementor-element-3527505f elementor-widget elementor-widget-spacer\" data-id=\"3527505f\" data-element_type=\"widget\" data-e-type=\"widget\" data-widget_type=\"spacer.default\">\n\t\t\t\t<div class=\"elementor-widget-container\">\n\t\t\t\t\t\t\t<div class=\"elementor-spacer\">\n\t\t\t<div class=\"elementor-spacer-inner\"><\/div>\n\t\t<\/div>\n\t\t\t\t\t\t<\/div>\n\t\t\t\t<\/div>\n\t\t\t\t\t<\/div>\n\t\t\t\t<\/div>\n\t\t<div class=\"elementor-element elementor-element-7bc4ad8c e-flex e-con-boxed e-con e-parent\" data-id=\"7bc4ad8c\" data-element_type=\"container\" data-e-type=\"container\">\n\t\t\t\t\t<div class=\"e-con-inner\">\n\t\t<div class=\"elementor-element elementor-element-37b1f109 e-con-full e-flex e-con e-child\" data-id=\"37b1f109\" data-element_type=\"container\" data-e-type=\"container\">\n\t\t\t\t<div class=\"elementor-element elementor-element-5f5ceb4a elementor-widget elementor-widget-heading\" data-id=\"5f5ceb4a\" data-element_type=\"widget\" data-e-type=\"widget\" data-widget_type=\"heading.default\">\n\t\t\t\t<div class=\"elementor-widget-container\">\n\t\t\t\t\t<h2 class=\"elementor-heading-title elementor-size-default\">EL ACCESO A NUESTRA DEMOCRACIA DEBE SER F\u00c1CIL Y ACCESIBLE<\/h2>\t\t\t\t<\/div>\n\t\t\t\t<\/div>\n\t\t\t\t<\/div>\n\t\t<div class=\"elementor-element elementor-element-1080f74b e-flex e-con-boxed e-con e-child\" data-id=\"1080f74b\" data-element_type=\"container\" data-e-type=\"container\">\n\t\t\t\t\t<div class=\"e-con-inner\">\n\t\t\t\t<div class=\"elementor-element elementor-element-38011c21 elementor-widget elementor-widget-text-editor\" data-id=\"38011c21\" data-element_type=\"widget\" data-e-type=\"widget\" data-widget_type=\"text-editor.default\">\n\t\t\t\t<div class=\"elementor-widget-container\">\n\t\t\t\t\t\t\t\t\t<p>Las comunidades que hist\u00f3ricamente han sido excluidas del proceso electoral son las mismas que se ven afectadas por las injusticias clim\u00e1ticas. Aunque las comunidades latinas representan un tercio de la poblaci\u00f3n de Arizona, estamos poco representadas en los cargos electos y en los espacios donde se toman las decisiones sobre nuestra salud y nuestro medio ambiente.<\/p>\n\t\t\t\t\t\t\t\t<\/div>\n\t\t\t\t<\/div>\n\t\t\t\t<div class=\"elementor-element elementor-element-7b8fd95 elementor-widget elementor-widget-text-editor\" data-id=\"7b8fd95\" data-element_type=\"widget\" data-e-type=\"widget\" data-widget_type=\"text-editor.default\">\n\t\t\t\t<div class=\"elementor-widget-container\">\n\t\t\t\t\t\t\t\t\t<p>Estamos comprometidos a ayudar a nuestras comunidades a entender las posiciones de quienes toman decisiones y las \u00e1reas de nuestra vida cotidiana que afectan, y trabajamos para que el voto y la participaci\u00f3n p\u00fablica sean m\u00e1s accesibles para todos. Registramos votantes que hist\u00f3ricamente han estado poco representados en el proceso pol\u00edtico, abriendo el camino para un electorado m\u00e1s amplio que refleje mejor nuestros valores y nuestras comunidades.<\/p>\n\t\t\t\t\t\t\t\t<\/div>\n\t\t\t\t<\/div>\n\t\t\t\t<div class=\"elementor-element elementor-element-f7fd102 elementor-widget elementor-widget-text-editor\" data-id=\"f7fd102\" data-element_type=\"widget\" data-e-type=\"widget\" data-widget_type=\"text-editor.default\">\n\t\t\t\t<div class=\"elementor-widget-container\">\n\t\t\t\t\t\t\t\t\t<p>Nuestro acceso al aire y al agua limpios, a las tierras p\u00fablicas, a la protecci\u00f3n frente al calor extremo y a un medio ambiente seguro en general est\u00e1 directamente relacionado con la salud de nuestra democracia.<\/p>\n\t\t\t\t\t\t\t\t<\/div>\n\t\t\t\t<\/div>\n\t\t\t\t\t<\/div>\n\t\t\t\t<\/div>\n\t\t\t\t\t<\/div>\n\t\t\t\t<\/div>\n\t\t<div class=\"elementor-element elementor-element-3054b706 e-flex e-con-boxed e-con e-parent\" data-id=\"3054b706\" data-element_type=\"container\" data-e-type=\"container\">\n\t\t\t\t\t<div class=\"e-con-inner\">\n\t\t\t\t<div class=\"elementor-element elementor-element-c9c7284 elementor-widget elementor-widget-image\" data-id=\"c9c7284\" data-element_type=\"widget\" data-e-type=\"widget\" data-widget_type=\"image.default\">\n\t\t\t\t<div class=\"elementor-widget-container\">\n\t\t\t\t\t\t\t\t\t\t\t\t\t\t\t<img fetchpriority=\"high\" decoding=\"async\" width=\"1238\" height=\"460\" src=\"https:\/\/chispaaz.org\/wp-content\/uploads\/2024\/05\/CHISPA_EnvLobbyDay-143.jpg\" class=\"attachment-full size-full wp-image-3800\" alt=\"\" srcset=\"https:\/\/chispaaz.org\/wp-content\/uploads\/2024\/05\/CHISPA_EnvLobbyDay-143.jpg 1238w, https:\/\/chispaaz.org\/wp-content\/uploads\/2024\/05\/CHISPA_EnvLobbyDay-143-300x111.jpg 300w, https:\/\/chispaaz.org\/wp-content\/uploads\/2024\/05\/CHISPA_EnvLobbyDay-143-1024x380.jpg 1024w, https:\/\/chispaaz.org\/wp-content\/uploads\/2024\/05\/CHISPA_EnvLobbyDay-143-768x285.jpg 768w\" sizes=\"(max-width: 1238px) 100vw, 1238px\" \/>\t\t\t\t\t\t\t\t\t\t\t\t\t\t\t<\/div>\n\t\t\t\t<\/div>\n\t\t\t\t\t<\/div>\n\t\t\t\t<\/div>\n\t\t<div class=\"elementor-element elementor-element-1d78859 e-flex e-con-boxed e-con e-parent\" data-id=\"1d78859\" data-element_type=\"container\" data-e-type=\"container\" data-settings=\"{&quot;background_background&quot;:&quot;classic&quot;}\">\n\t\t\t\t\t<div class=\"e-con-inner\">\n\t\t<div class=\"elementor-element elementor-element-e24405f e-con-full e-flex e-con e-child\" data-id=\"e24405f\" data-element_type=\"container\" data-e-type=\"container\">\n\t\t<div class=\"elementor-element elementor-element-68bdb92 e-flex e-con-boxed e-con e-child\" data-id=\"68bdb92\" data-element_type=\"container\" data-e-type=\"container\">\n\t\t\t\t\t<div class=\"e-con-inner\">\n\t\t\t\t<div class=\"elementor-element elementor-element-2ef37b4 elementor-widget elementor-widget-heading\" data-id=\"2ef37b4\" data-element_type=\"widget\" data-e-type=\"widget\" data-widget_type=\"heading.default\">\n\t\t\t\t<div class=\"elementor-widget-container\">\n\t\t\t\t\t<h2 class=\"elementor-heading-title elementor-size-default\">NUESTRO LLAMADO <br>A LA ACCI\u00d3N<\/h2>\t\t\t\t<\/div>\n\t\t\t\t<\/div>\n\t\t\t\t\t<\/div>\n\t\t\t\t<\/div>\n\t\t\t\t<\/div>\n\t\t<div class=\"elementor-element elementor-element-213fd8c e-grid e-con-boxed e-con e-child\" data-id=\"213fd8c\" data-element_type=\"container\" data-e-type=\"container\">\n\t\t\t\t\t<div class=\"e-con-inner\">\n\t\t<div class=\"elementor-element elementor-element-14ab7e3 e-flex e-con-boxed e-con e-child\" data-id=\"14ab7e3\" data-element_type=\"container\" data-e-type=\"container\" data-settings=\"{&quot;background_background&quot;:&quot;classic&quot;}\">\n\t\t\t\t\t<div class=\"e-con-inner\">\n\t\t\t\t<div class=\"elementor-element elementor-element-cbfafdf elementor-widget__width-inherit elementor-absolute elementor-widget elementor-widget-image\" data-id=\"cbfafdf\" data-element_type=\"widget\" data-e-type=\"widget\" data-settings=\"{&quot;_position&quot;:&quot;absolute&quot;}\" data-widget_type=\"image.default\">\n\t\t\t\t<div class=\"elementor-widget-container\">\n\t\t\t\t\t\t\t\t\t\t\t\t\t\t\t<img decoding=\"async\" width=\"331\" height=\"212\" src=\"https:\/\/chispaaz.org\/wp-content\/uploads\/2024\/05\/Heading.svg\" class=\"attachment-full size-full wp-image-3705\" alt=\"\" \/>\t\t\t\t\t\t\t\t\t\t\t\t\t\t\t<\/div>\n\t\t\t\t<\/div>\n\t\t\t\t<div class=\"elementor-element elementor-element-e135bc7 elementor-widget elementor-widget-text-editor\" data-id=\"e135bc7\" data-element_type=\"widget\" data-e-type=\"widget\" data-widget_type=\"text-editor.default\">\n\t\t\t\t<div class=\"elementor-widget-container\">\n\t\t\t\t\t\t\t\t\t<p>Restauraci\u00f3n de nuestra popular Lista Permanente de Votantes Anticipados.<\/p>\n\t\t\t\t\t\t\t\t<\/div>\n\t\t\t\t<\/div>\n\t\t\t\t\t<\/div>\n\t\t\t\t<\/div>\n\t\t<div class=\"elementor-element elementor-element-8f35454 e-flex e-con-boxed e-con e-child\" data-id=\"8f35454\" data-element_type=\"container\" data-e-type=\"container\" data-settings=\"{&quot;background_background&quot;:&quot;classic&quot;}\">\n\t\t\t\t\t<div class=\"e-con-inner\">\n\t\t\t\t<div class=\"elementor-element elementor-element-7e45e22 elementor-widget__width-inherit elementor-absolute elementor-widget elementor-widget-image\" data-id=\"7e45e22\" data-element_type=\"widget\" data-e-type=\"widget\" data-settings=\"{&quot;_position&quot;:&quot;absolute&quot;}\" data-widget_type=\"image.default\">\n\t\t\t\t<div class=\"elementor-widget-container\">\n\t\t\t\t\t\t\t\t\t\t\t\t\t\t\t<img decoding=\"async\" width=\"371\" height=\"212\" src=\"https:\/\/chispaaz.org\/wp-content\/uploads\/2024\/05\/Heading-1.svg\" class=\"attachment-full size-full wp-image-3718\" alt=\"\" \/>\t\t\t\t\t\t\t\t\t\t\t\t\t\t\t<\/div>\n\t\t\t\t<\/div>\n\t\t\t\t<div class=\"elementor-element elementor-element-75296d0 elementor-widget elementor-widget-text-editor\" data-id=\"75296d0\" data-element_type=\"widget\" data-e-type=\"widget\" data-widget_type=\"text-editor.default\">\n\t\t\t\t<div class=\"elementor-widget-container\">\n\t\t\t\t\t\t\t\t\t<p>Eliminaci\u00f3n de barreras arbitrarias al registro de votantes y a la votaci\u00f3n.<\/p>\n\t\t\t\t\t\t\t\t<\/div>\n\t\t\t\t<\/div>\n\t\t\t\t\t<\/div>\n\t\t\t\t<\/div>\n\t\t<div class=\"elementor-element elementor-element-84afd91 e-flex e-con-boxed e-con e-child\" data-id=\"84afd91\" data-element_type=\"container\" data-e-type=\"container\" data-settings=\"{&quot;background_background&quot;:&quot;classic&quot;}\">\n\t\t\t\t\t<div class=\"e-con-inner\">\n\t\t\t\t<div class=\"elementor-element elementor-element-198aebd elementor-widget__width-inherit elementor-absolute elementor-widget elementor-widget-image\" data-id=\"198aebd\" data-element_type=\"widget\" data-e-type=\"widget\" data-settings=\"{&quot;_position&quot;:&quot;absolute&quot;}\" data-widget_type=\"image.default\">\n\t\t\t\t<div class=\"elementor-widget-container\">\n\t\t\t\t\t\t\t\t\t\t\t\t\t\t\t<img loading=\"lazy\" decoding=\"async\" width=\"367\" height=\"212\" src=\"https:\/\/chispaaz.org\/wp-content\/uploads\/2024\/05\/Heading-2.svg\" class=\"attachment-full size-full wp-image-3720\" alt=\"\" \/>\t\t\t\t\t\t\t\t\t\t\t\t\t\t\t<\/div>\n\t\t\t\t<\/div>\n\t\t\t\t<div class=\"elementor-element elementor-element-3922434 elementor-widget elementor-widget-text-editor\" data-id=\"3922434\" data-element_type=\"widget\" data-e-type=\"widget\" data-widget_type=\"text-editor.default\">\n\t\t\t\t<div class=\"elementor-widget-container\">\n\t\t\t\t\t\t\t\t\t<p>Proteger el acceso a la boleta de los votantes con discapacidades y los que viven en tierras ind\u00edgenas.<\/p>\n\t\t\t\t\t\t\t\t<\/div>\n\t\t\t\t<\/div>\n\t\t\t\t\t<\/div>\n\t\t\t\t<\/div>\n\t\t<div class=\"elementor-element elementor-element-cf844e5 e-flex e-con-boxed e-con e-child\" data-id=\"cf844e5\" data-element_type=\"container\" data-e-type=\"container\" data-settings=\"{&quot;background_background&quot;:&quot;classic&quot;}\">\n\t\t\t\t\t<div class=\"e-con-inner\">\n\t\t\t\t<div class=\"elementor-element elementor-element-cbc334f elementor-widget__width-inherit elementor-absolute elementor-widget elementor-widget-image\" data-id=\"cbc334f\" data-element_type=\"widget\" data-e-type=\"widget\" data-settings=\"{&quot;_position&quot;:&quot;absolute&quot;}\" data-widget_type=\"image.default\">\n\t\t\t\t<div class=\"elementor-widget-container\">\n\t\t\t\t\t\t\t\t\t\t\t\t\t\t\t<img loading=\"lazy\" decoding=\"async\" width=\"376\" height=\"212\" src=\"https:\/\/chispaaz.org\/wp-content\/uploads\/2024\/05\/Heading-3.svg\" class=\"attachment-full size-full wp-image-3802\" alt=\"\" \/>\t\t\t\t\t\t\t\t\t\t\t\t\t\t\t<\/div>\n\t\t\t\t<\/div>\n\t\t\t\t<div class=\"elementor-element elementor-element-686756d elementor-widget elementor-widget-text-editor\" data-id=\"686756d\" data-element_type=\"widget\" data-e-type=\"widget\" data-widget_type=\"text-editor.default\">\n\t\t\t\t<div class=\"elementor-widget-container\">\n\t\t\t\t\t\t\t\t\t<p>Prohibir que los grupos de presi\u00f3n corporativos hagan determinados regalos a nuestros funcionarios electos.<\/p>\n\t\t\t\t\t\t\t\t<\/div>\n\t\t\t\t<\/div>\n\t\t\t\t\t<\/div>\n\t\t\t\t<\/div>\n\t\t<div class=\"elementor-element elementor-element-895920a e-flex e-con-boxed e-con e-child\" data-id=\"895920a\" data-element_type=\"container\" data-e-type=\"container\" data-settings=\"{&quot;background_background&quot;:&quot;classic&quot;}\">\n\t\t\t\t\t<div class=\"e-con-inner\">\n\t\t\t\t<div class=\"elementor-element elementor-element-e649d85 elementor-widget__width-inherit elementor-absolute elementor-widget elementor-widget-image\" data-id=\"e649d85\" data-element_type=\"widget\" data-e-type=\"widget\" data-settings=\"{&quot;_position&quot;:&quot;absolute&quot;}\" data-widget_type=\"image.default\">\n\t\t\t\t<div class=\"elementor-widget-container\">\n\t\t\t\t\t\t\t\t\t\t\t\t\t\t\t<img loading=\"lazy\" decoding=\"async\" width=\"368\" height=\"212\" src=\"https:\/\/chispaaz.org\/wp-content\/uploads\/2024\/05\/Heading-05.svg\" class=\"attachment-full size-full wp-image-3804\" alt=\"\" \/>\t\t\t\t\t\t\t\t\t\t\t\t\t\t\t<\/div>\n\t\t\t\t<\/div>\n\t\t\t\t<div class=\"elementor-element elementor-element-b1622db elementor-widget elementor-widget-text-editor\" data-id=\"b1622db\" data-element_type=\"widget\" data-e-type=\"widget\" data-widget_type=\"text-editor.default\">\n\t\t\t\t<div class=\"elementor-widget-container\">\n\t\t\t\t\t\t\t\t\t<p>Garantizar que la legislatura estatal no pueda anular los resultados de las elecciones presidenciales.<\/p>\n\t\t\t\t\t\t\t\t<\/div>\n\t\t\t\t<\/div>\n\t\t\t\t\t<\/div>\n\t\t\t\t<\/div>\n\t\t<div class=\"elementor-element elementor-element-2e67181 e-flex e-con-boxed e-con e-child\" data-id=\"2e67181\" data-element_type=\"container\" data-e-type=\"container\" data-settings=\"{&quot;background_background&quot;:&quot;classic&quot;}\">\n\t\t\t\t\t<div class=\"e-con-inner\">\n\t\t<div class=\"elementor-element elementor-element-9ab4d31 e-flex e-con-boxed e-con e-child\" data-id=\"9ab4d31\" data-element_type=\"container\" data-e-type=\"container\">\n\t\t\t\t\t<div class=\"e-con-inner\">\n\t\t\t\t<div class=\"elementor-element elementor-element-9eb4ba5 elementor-align-justify icon-bottom-button elementor-widget elementor-widget-button\" data-id=\"9eb4ba5\" data-element_type=\"widget\" data-e-type=\"widget\" data-widget_type=\"button.default\">\n\t\t\t\t<div class=\"elementor-widget-container\">\n\t\t\t\t\t\t\t\t\t<div class=\"elementor-button-wrapper\">\n\t\t\t\t\t<a class=\"elementor-button elementor-button-link elementor-size-sm\" href=\"https:\/\/chispaaz.org\/es\/membresia\/\">\n\t\t\t\t\t\t<span class=\"elementor-button-content-wrapper\">\n\t\t\t\t\t\t<span class=\"elementor-button-icon\">\n\t\t\t\t<svg xmlns=\"http:\/\/www.w3.org\/2000\/svg\" width=\"125\" height=\"125\" viewBox=\"0 0 125 125\" fill=\"none\"><path d=\"M93.5 62.7016L26.3333 62.7016M93.5 62.7016L72.8333 83.3682M93.5 62.7016L72.8333 42.0349\" stroke=\"#0A2542\" stroke-width=\"5.73283\" stroke-linecap=\"round\" stroke-linejoin=\"round\"><\/path><\/svg>\t\t\t<\/span>\n\t\t\t\t\t\t\t\t\t<span class=\"elementor-button-text\">\u00daNETE A NUESTRO COMIT\u00c9 DE DEMOCRACIA<\/span>\n\t\t\t\t\t<\/span>\n\t\t\t\t\t<\/a>\n\t\t\t\t<\/div>\n\t\t\t\t\t\t\t\t<\/div>\n\t\t\t\t<\/div>\n\t\t\t\t\t<\/div>\n\t\t\t\t<\/div>\n\t\t\t\t\t<\/div>\n\t\t\t\t<\/div>\n\t\t\t\t\t<\/div>\n\t\t\t\t<\/div>\n\t\t\t\t\t<\/div>\n\t\t\t\t<\/div>\n\t\t<div class=\"elementor-element elementor-element-1dab321e e-flex e-con-boxed e-con e-parent\" data-id=\"1dab321e\" data-element_type=\"container\" data-e-type=\"container\" data-settings=\"{&quot;background_background&quot;:&quot;classic&quot;}\">\n\t\t\t\t\t<div class=\"e-con-inner\">\n\t\t<div class=\"elementor-element elementor-element-48f9672b e-flex e-con-boxed e-con e-child\" data-id=\"48f9672b\" data-element_type=\"container\" data-e-type=\"container\">\n\t\t\t\t\t<div class=\"e-con-inner\">\n\t\t\t\t<div class=\"elementor-element elementor-element-337df7cd elementor-widget elementor-widget-image\" data-id=\"337df7cd\" data-element_type=\"widget\" data-e-type=\"widget\" data-widget_type=\"image.default\">\n\t\t\t\t<div class=\"elementor-widget-container\">\n\t\t\t\t\t\t\t\t\t\t\t\t\t\t\t<img loading=\"lazy\" decoding=\"async\" width=\"600\" height=\"415\" src=\"https:\/\/chispaaz.org\/wp-content\/uploads\/2024\/05\/CHISPA_EnvLobbyDay-134.jpg\" class=\"attachment-full size-full wp-image-3810\" alt=\"\" srcset=\"https:\/\/chispaaz.org\/wp-content\/uploads\/2024\/05\/CHISPA_EnvLobbyDay-134.jpg 600w, https:\/\/chispaaz.org\/wp-content\/uploads\/2024\/05\/CHISPA_EnvLobbyDay-134-300x208.jpg 300w\" sizes=\"(max-width: 600px) 100vw, 600px\" \/>\t\t\t\t\t\t\t\t\t\t\t\t\t\t\t<\/div>\n\t\t\t\t<\/div>\n\t\t\t\t\t<\/div>\n\t\t\t\t<\/div>\n\t\t<div class=\"elementor-element elementor-element-a760e3 e-flex e-con-boxed e-con e-child\" data-id=\"a760e3\" data-element_type=\"container\" data-e-type=\"container\">\n\t\t\t\t\t<div class=\"e-con-inner\">\n\t\t\t\t<div class=\"elementor-element elementor-element-49df3bc8 elementor-widget elementor-widget-image\" data-id=\"49df3bc8\" data-element_type=\"widget\" data-e-type=\"widget\" data-widget_type=\"image.default\">\n\t\t\t\t<div class=\"elementor-widget-container\">\n\t\t\t\t\t\t\t\t\t\t\t\t\t\t\t<img loading=\"lazy\" decoding=\"async\" width=\"601\" height=\"524\" src=\"https:\/\/chispaaz.org\/wp-content\/uploads\/2024\/05\/ChispaAZ-Democracy-Photo-by-Perla-Farias.jpg\" class=\"attachment-full size-full wp-image-3812\" alt=\"\" srcset=\"https:\/\/chispaaz.org\/wp-content\/uploads\/2024\/05\/ChispaAZ-Democracy-Photo-by-Perla-Farias.jpg 601w, https:\/\/chispaaz.org\/wp-content\/uploads\/2024\/05\/ChispaAZ-Democracy-Photo-by-Perla-Farias-300x262.jpg 300w\" sizes=\"(max-width: 601px) 100vw, 601px\" \/>\t\t\t\t\t\t\t\t\t\t\t\t\t\t\t<\/div>\n\t\t\t\t<\/div>\n\t\t\t\t\t<\/div>\n\t\t\t\t<\/div>\n\t\t\t\t\t<\/div>\n\t\t\t\t<\/div>\n\t\t\t\t<\/div>\n\t\t","protected":false},"excerpt":{"rendered":"<p>DEMOCRACIA Y PODER COMUNITARIO No podemos tener un medio ambiente sano sin una democracia sana. EL ACCESO A NUESTRA DEMOCRACIA DEBE SER F\u00c1CIL Y ACCESIBLE Las comunidades que hist\u00f3ricamente han sido excluidas del proceso electoral son las mismas que se ven afectadas por las injusticias clim\u00e1ticas. Aunque las comunidades latinas representan un tercio de la [&hellip;]<\/p>\n","protected":false},"author":13,"featured_media":0,"parent":4911,"menu_order":0,"comment_status":"closed","ping_status":"closed","template":"elementor_header_footer","meta":{"_acf_changed":false,"_monsterinsights_skip_tracking":false,"_monsterinsights_sitenote_active":false,"_monsterinsights_sitenote_note":"","_monsterinsights_sitenote_category":0,"footnotes":""},"class_list":["post-4861","page","type-page","status-publish","hentry"],"acf":[],"_links":{"self":[{"href":"https:\/\/chispaaz.org\/es\/wp-json\/wp\/v2\/pages\/4861","targetHints":{"allow":["GET"]}}],"collection":[{"href":"https:\/\/chispaaz.org\/es\/wp-json\/wp\/v2\/pages"}],"about":[{"href":"https:\/\/chispaaz.org\/es\/wp-json\/wp\/v2\/types\/page"}],"author":[{"embeddable":true,"href":"https:\/\/chispaaz.org\/es\/wp-json\/wp\/v2\/users\/13"}],"replies":[{"embeddable":true,"href":"https:\/\/chispaaz.org\/es\/wp-json\/wp\/v2\/comments?post=4861"}],"version-history":[{"count":8,"href":"https:\/\/chispaaz.org\/es\/wp-json\/wp\/v2\/pages\/4861\/revisions"}],"predecessor-version":[{"id":5816,"href":"https:\/\/chispaaz.org\/es\/wp-json\/wp\/v2\/pages\/4861\/revisions\/5816"}],"up":[{"embeddable":true,"href":"https:\/\/chispaaz.org\/es\/wp-json\/wp\/v2\/pages\/4911"}],"wp:attachment":[{"href":"https:\/\/chispaaz.org\/es\/wp-json\/wp\/v2\/media?parent=4861"}],"curies":[{"name":"wp","href":"https:\/\/api.w.org\/{rel}","templated":true}]}}