{"id":2510,"date":"2022-11-09T14:04:22","date_gmt":"2022-11-09T14:04:22","guid":{"rendered":"https:\/\/chispaaz.org\/acc-accountability\/"},"modified":"2026-01-27T20:18:37","modified_gmt":"2026-01-27T20:18:37","slug":"acc-accountability","status":"publish","type":"page","link":"https:\/\/chispaaz.org\/es\/acc-accountability\/","title":{"rendered":"ACC Accountability"},"content":{"rendered":"\t\t<div data-elementor-type=\"wp-post\" data-elementor-id=\"2510\" class=\"elementor elementor-2510 elementor-1138\" data-elementor-post-type=\"page\">\n\t\t\t\t<div class=\"elementor-element elementor-element-2265241 e-flex e-con-boxed e-con e-parent\" data-id=\"2265241\" data-element_type=\"container\" data-e-type=\"container\" data-settings=\"{&quot;background_background&quot;:&quot;classic&quot;}\">\n\t\t\t\t\t<div class=\"e-con-inner\">\n\t\t<div class=\"elementor-element elementor-element-12c1bf5 e-flex e-con-boxed e-con e-child\" data-id=\"12c1bf5\" data-element_type=\"container\" data-e-type=\"container\">\n\t\t\t\t\t<div class=\"e-con-inner\">\n\t\t\t\t<div class=\"elementor-element elementor-element-c129533 elementor-widget elementor-widget-heading\" data-id=\"c129533\" data-element_type=\"widget\" data-e-type=\"widget\" data-widget_type=\"heading.default\">\n\t\t\t\t<div class=\"elementor-widget-container\">\n\t\t\t\t\t<h1 class=\"elementor-heading-title elementor-size-default\">\u00a1Debemos responsabilizar a la Comisi\u00f3n de Corporaciones de Arizona!<\/h1>\t\t\t\t<\/div>\n\t\t\t\t<\/div>\n\t\t\t\t\t<\/div>\n\t\t\t\t<\/div>\n\t\t\t\t<div class=\"elementor-element elementor-element-eafe623 elementor-widget elementor-widget-spacer\" data-id=\"eafe623\" data-element_type=\"widget\" data-e-type=\"widget\" data-widget_type=\"spacer.default\">\n\t\t\t\t<div class=\"elementor-widget-container\">\n\t\t\t\t\t\t\t<div class=\"elementor-spacer\">\n\t\t\t<div class=\"elementor-spacer-inner\"><\/div>\n\t\t<\/div>\n\t\t\t\t\t\t<\/div>\n\t\t\t\t<\/div>\n\t\t\t\t\t<\/div>\n\t\t\t\t<\/div>\n\t\t<div class=\"elementor-element elementor-element-23cba69 l-container e-flex e-con-boxed e-con e-parent\" data-id=\"23cba69\" data-element_type=\"container\" data-e-type=\"container\">\n\t\t\t\t\t<div class=\"e-con-inner\">\n\t\t<div class=\"elementor-element elementor-element-eeb4711 e-con-full e-flex e-con e-child\" data-id=\"eeb4711\" data-element_type=\"container\" data-e-type=\"container\">\n\t\t\t\t<div class=\"elementor-element elementor-element-07b7ceb elementor-widget elementor-widget-heading\" data-id=\"07b7ceb\" data-element_type=\"widget\" data-e-type=\"widget\" data-widget_type=\"heading.default\">\n\t\t\t\t<div class=\"elementor-widget-container\">\n\t\t\t\t\t<h2 class=\"elementor-heading-title elementor-size-default\">\u00a1AY\u00daDANOS a responsabilizar a la Comisi\u00f3n de Corporaciones de Arizona!<\/h2>\t\t\t\t<\/div>\n\t\t\t\t<\/div>\n\t\t\t\t<div class=\"elementor-element elementor-element-0143494 elementor-align-justify elementor-widget__width-initial elementor-widget elementor-widget-button\" data-id=\"0143494\" data-element_type=\"widget\" data-e-type=\"widget\" data-widget_type=\"button.default\">\n\t\t\t\t<div class=\"elementor-widget-container\">\n\t\t\t\t\t\t\t\t\t<div class=\"elementor-button-wrapper\">\n\t\t\t\t\t<a class=\"elementor-button elementor-button-link elementor-size-sm\" href=\"https:\/\/secure.ngpvan.com\/pJBiAHDqhEyi3vutLJ6YsA2\" target=\"_blank\" rel=\"nofollow noopener\">\n\t\t\t\t\t\t<span class=\"elementor-button-content-wrapper\">\n\t\t\t\t\t\t\t\t\t<span class=\"elementor-button-text\">\u00a1Inscr\u00edbete hoy<\/span>\n\t\t\t\t\t<\/span>\n\t\t\t\t\t<\/a>\n\t\t\t\t<\/div>\n\t\t\t\t\t\t\t\t<\/div>\n\t\t\t\t<\/div>\n\t\t\t\t<\/div>\n\t\t<div class=\"elementor-element elementor-element-5567b73 e-con-full e-flex e-con e-child\" data-id=\"5567b73\" data-element_type=\"container\" data-e-type=\"container\">\n\t\t\t\t<div class=\"elementor-element elementor-element-cfb0145 elementor-widget elementor-widget-text-editor\" data-id=\"cfb0145\" data-element_type=\"widget\" data-e-type=\"widget\" data-widget_type=\"text-editor.default\">\n\t\t\t\t<div class=\"elementor-widget-container\">\n\t\t\t\t\t\t\t\t\t<p>La Comisi\u00f3n de Corporaciones de Arizona (ACC) es la entidad encargada de regular las empresas de servicios p\u00fablicos como APS, TEP y Southwest Gas. <strong>Su misi\u00f3n es asegurar que nuestros servicios p\u00fablicos sean seguros, confiables y asequibles.<\/strong> La ACC tiene el poder de mantener bajos los costos de electricidad y exigir a las empresas de servicios p\u00fablicos que hagan la transici\u00f3n hacia energ\u00eda renovable limpia.<\/p><p>Sin embargo, a pesar de que Arizona est\u00e1 al frente de la crisis clim\u00e1tica, enfrentando r\u00e9cords de calor extremo cada verano y costos de electricidad alt\u00edsimos, <a href=\"https:\/\/www.azcentral.com\/story\/money\/business\/energy\/2022\/01\/26\/arizona-corporation-commission-votes-down-carbon-free-energy-rules-3-2\/9227048002\/\" rel=\"nofollow noopener\" target=\"_blank\">en enero de 2022, la ACC rechaz\u00f3 las reglas de energ\u00eda 100% limpia<\/a>, frenando efectivamente el camino de Arizona hacia un futuro de aire y energ\u00eda limpios.<\/p>\t\t\t\t\t\t\t\t<\/div>\n\t\t\t\t<\/div>\n\t\t\t\t<\/div>\n\t\t\t\t\t<\/div>\n\t\t\t\t<\/div>\n\t\t<div class=\"elementor-element elementor-element-05c72ac e-flex e-con-boxed e-con e-parent\" data-id=\"05c72ac\" data-element_type=\"container\" data-e-type=\"container\" data-settings=\"{&quot;background_background&quot;:&quot;classic&quot;}\">\n\t\t\t\t\t<div class=\"e-con-inner\">\n\t\t\t\t<div class=\"elementor-element elementor-element-0bf04c3 elementor-widget elementor-widget-text-editor\" data-id=\"0bf04c3\" data-element_type=\"widget\" data-e-type=\"widget\" data-widget_type=\"text-editor.default\">\n\t\t\t\t<div class=\"elementor-widget-container\">\n\t\t\t\t\t\t\t\t\t<p><b>As\u00ed es como la ACC est\u00e1 perjudicando a la gente de Arizona:\u00a0<\/b><\/p><p><strong>Facturas alt\u00edsimas: <\/strong>en lugar de proteger a las familias de Arizona, la ACC ha aprobado aumentos significativos a las tarifas de las empresas de servicios p\u00fablicos como APS. Eso significa que nuestras carteras est\u00e1n vac\u00edas debido al aumento de los costos de la electricidad, especialmente durante el verano, mientras que las compa\u00f1\u00edas el\u00e9ctricas obtienen ganancias enormes.<br \/><br \/><\/p><p><strong>Acabando con la energ\u00eda limpia: <\/strong>Arizona tiene requisitos de energ\u00eda renovable para las empresas de servicios p\u00fablicos que la ACC vot\u00f3 para que fueran eliminadas durante una reuni\u00f3n abierta. Esto significa que las empresas de servicios p\u00fablicos ya no tendr\u00e1n que cambiar a una energ\u00eda solar m\u00e1s barata y limpia, a pesar de que Arizona tiene mucho sol.\u00a0<br \/><br \/><\/p><p><strong>Deshaci\u00e9ndose de la eficiencia energ\u00e9tica: <\/strong>Las normas de eficiencia energ\u00e9tica obligan a las empresas de servicios p\u00fablicos a reducir el desperdicio y ahorrarnos dinero. Cuando las empresas de servicios p\u00fablicos desperdician menos, todos pagamos menos. Por cada d\u00f3lar invertido en estas normas de eficiencia, los arizonenses obtienen casi cuatro d\u00f3lares en beneficios. La ACC est\u00e1 ahora en proceso de tirar todo eso por la borda.<br \/><br \/><\/p><p><strong>La Comisi\u00f3n de Corporaciones de Arizona debe proteger los intereses de los consumidores y asegurarse de que las compa\u00f1\u00edas de servicios p\u00fablicos act\u00faen en nuestro beneficio.\u00a0<\/strong><\/p>\t\t\t\t\t\t\t\t<\/div>\n\t\t\t\t<\/div>\n\t\t\t\t\t<\/div>\n\t\t\t\t<\/div>\n\t\t<div class=\"elementor-element elementor-element-ca1d77f e-flex e-con-boxed e-con e-parent\" data-id=\"ca1d77f\" data-element_type=\"container\" data-e-type=\"container\" data-settings=\"{&quot;background_background&quot;:&quot;classic&quot;}\">\n\t\t\t\t\t<div class=\"e-con-inner\">\n\t\t<div class=\"elementor-element elementor-element-35f8076 e-con-full e-flex e-con e-child\" data-id=\"35f8076\" data-element_type=\"container\" data-e-type=\"container\">\n\t\t\t\t<div class=\"elementor-element elementor-element-7e99596 elementor-widget elementor-widget-image\" data-id=\"7e99596\" data-element_type=\"widget\" data-e-type=\"widget\" data-widget_type=\"image.default\">\n\t\t\t\t<div class=\"elementor-widget-container\">\n\t\t\t\t\t\t\t\t\t\t\t\t\t\t\t<img fetchpriority=\"high\" decoding=\"async\" width=\"456\" height=\"365\" src=\"https:\/\/chispaaz.org\/wp-content\/uploads\/2024\/04\/IMAGE-1.jpg\" class=\"attachment-full size-full wp-image-2471\" alt=\"\" srcset=\"https:\/\/chispaaz.org\/wp-content\/uploads\/2024\/04\/IMAGE-1.jpg 456w, https:\/\/chispaaz.org\/wp-content\/uploads\/2024\/04\/IMAGE-1-300x240.jpg 300w, https:\/\/chispaaz.org\/wp-content\/uploads\/2024\/04\/IMAGE-1-100x80.jpg 100w\" sizes=\"(max-width: 456px) 100vw, 456px\" \/>\t\t\t\t\t\t\t\t\t\t\t\t\t\t\t<\/div>\n\t\t\t\t<\/div>\n\t\t\t\t<\/div>\n\t\t<div class=\"elementor-element elementor-element-1af1a45 e-con-full e-flex e-con e-child\" data-id=\"1af1a45\" data-element_type=\"container\" data-e-type=\"container\" data-settings=\"{&quot;background_background&quot;:&quot;classic&quot;}\">\n\t\t\t\t<div class=\"elementor-element elementor-element-9806ff2 elementor-widget elementor-widget-heading\" data-id=\"9806ff2\" data-element_type=\"widget\" data-e-type=\"widget\" data-widget_type=\"heading.default\">\n\t\t\t\t<div class=\"elementor-widget-container\">\n\t\t\t\t\t<h2 class=\"elementor-heading-title elementor-size-default\">Inscr\u00edbete hoy para ayudarnos a responsabilizar a la Comisi\u00f3n de Corporaciones de Arizona.<\/h2>\t\t\t\t<\/div>\n\t\t\t\t<\/div>\n\t\t\t\t<div class=\"elementor-element elementor-element-3506b3a elementor-align-left elementor-mobile-align-justify elementor-widget__width-inherit elementor-widget elementor-widget-button\" data-id=\"3506b3a\" data-element_type=\"widget\" data-e-type=\"widget\" data-widget_type=\"button.default\">\n\t\t\t\t<div class=\"elementor-widget-container\">\n\t\t\t\t\t\t\t\t\t<div class=\"elementor-button-wrapper\">\n\t\t\t\t\t<a class=\"elementor-button elementor-button-link elementor-size-sm\" href=\"https:\/\/secure.everyaction.com\/f2PO8pRUq0uhdZgcX0v0ag2\" target=\"_blank\" rel=\"nofollow noopener\">\n\t\t\t\t\t\t<span class=\"elementor-button-content-wrapper\">\n\t\t\t\t\t\t\t\t\t<span class=\"elementor-button-text\">Inscr\u00edbete hoy<\/span>\n\t\t\t\t\t<\/span>\n\t\t\t\t\t<\/a>\n\t\t\t\t<\/div>\n\t\t\t\t\t\t\t\t<\/div>\n\t\t\t\t<\/div>\n\t\t\t\t<\/div>\n\t\t\t\t\t<\/div>\n\t\t\t\t<\/div>\n\t\t\t\t<\/div>\n\t\t","protected":false},"excerpt":{"rendered":"<p>\u00a1Debemos responsabilizar a la Comisi\u00f3n de Corporaciones de Arizona! \u00a1AY\u00daDANOS a responsabilizar a la Comisi\u00f3n de Corporaciones de Arizona! \u00a1Inscr\u00edbete hoy La Comisi\u00f3n de Corporaciones de Arizona (ACC) es la entidad encargada de regular las empresas de servicios p\u00fablicos como APS, TEP y Southwest Gas. Su misi\u00f3n es asegurar que nuestros servicios p\u00fablicos sean seguros, [&hellip;]<\/p>\n","protected":false},"author":13,"featured_media":0,"parent":0,"menu_order":0,"comment_status":"closed","ping_status":"closed","template":"elementor_header_footer","meta":{"_acf_changed":false,"_monsterinsights_skip_tracking":false,"_monsterinsights_sitenote_active":false,"_monsterinsights_sitenote_note":"","_monsterinsights_sitenote_category":0,"footnotes":""},"class_list":["post-2510","page","type-page","status-publish","hentry"],"acf":[],"_links":{"self":[{"href":"https:\/\/chispaaz.org\/es\/wp-json\/wp\/v2\/pages\/2510","targetHints":{"allow":["GET"]}}],"collection":[{"href":"https:\/\/chispaaz.org\/es\/wp-json\/wp\/v2\/pages"}],"about":[{"href":"https:\/\/chispaaz.org\/es\/wp-json\/wp\/v2\/types\/page"}],"author":[{"embeddable":true,"href":"https:\/\/chispaaz.org\/es\/wp-json\/wp\/v2\/users\/13"}],"replies":[{"embeddable":true,"href":"https:\/\/chispaaz.org\/es\/wp-json\/wp\/v2\/comments?post=2510"}],"version-history":[{"count":6,"href":"https:\/\/chispaaz.org\/es\/wp-json\/wp\/v2\/pages\/2510\/revisions"}],"predecessor-version":[{"id":6013,"href":"https:\/\/chispaaz.org\/es\/wp-json\/wp\/v2\/pages\/2510\/revisions\/6013"}],"wp:attachment":[{"href":"https:\/\/chispaaz.org\/es\/wp-json\/wp\/v2\/media?parent=2510"}],"curies":[{"name":"wp","href":"https:\/\/api.w.org\/{rel}","templated":true}]}}